{"id":80,"date":"2023-07-20T09:35:46","date_gmt":"2023-07-20T07:35:46","guid":{"rendered":"https:\/\/elektroharamia.propagujsa.sk\/?page_id=80"},"modified":"2023-12-18T15:10:34","modified_gmt":"2023-12-18T13:10:34","slug":"domovska-stranka","status":"publish","type":"page","link":"https:\/\/elektroharamia.propagujsa.sk\/en\/","title":{"rendered":"Domovsk\u00e1 str\u00e1nka"},"content":{"rendered":"<h2 style=\"\"><span style=\"font-family: &quot;Montserrat SemiBold&quot;; font-size: 44px !important; text-transform: uppercase !important; --tcb-applied-color: var$(--tcb-skin-color-22) !important; color: var(--tcb-skin-color-22) !important;\">Najva\u010d\u0161\u00ed<\/span><\/h2>\n<h2 style=\"\"><span style=\"font-family: &quot;Montserrat SemiBold&quot;; font-size: 44px !important; text-transform: uppercase !important; --tcb-applied-color: var$(--tcb-skin-color-22) !important; color: var(--tcb-skin-color-22) !important;\">Slovensk\u00fd<\/span><\/h2>\n<h1 style=\"\"><strong>V\u00fdrobca&nbsp;<\/strong><\/h1>\n<h1 style=\"\"><strong>Trafostan\u00edc<\/strong><\/h1>\n<h2 style=\"text-align: left;\">&nbsp; &nbsp;Produkty<\/h2>\n<p><a href=\"https:\/\/elektroharamia.propagujsa.sk\/en\/kategorie\/trafostanice-s-vnutornym-ovladanim\/\"><\/p>\n<h3 style=\"text-align: center;\">Trafostanice s vn\u00fatorn\u00fdm ovl\u00e1dan\u00edm<\/h3>\n<p><span><img decoding=\"async\" alt=\"\" data-id=\"89\" width=\"131\" data-init-width=\"380\" height=\"125\" data-init-height=\"362\" title=\"trafovnut_small\" loading=\"lazy\" src=\"https:\/\/elektroharamia.propagujsa.sk\/wp-content\/uploads\/2023\/07\/trafovnut_small.jpg\" data-width=\"131\" data-height=\"125\" style=\"aspect-ratio: auto 380 \/ 362;\"><\/span><\/a><a href=\"https:\/\/elektroharamia.propagujsa.sk\/en\/kategorie\/trafostanice-s-vonkajsim-ovladanim\/\"><\/p>\n<h3 style=\"text-align: center;\">Trafostanice s vonkaj\u0161\u00edmovl\u00e1dan\u00edm<\/h3>\n<p><span><img decoding=\"async\" alt=\"\" data-id=\"89\" width=\"131\" data-init-width=\"380\" height=\"125\" data-init-height=\"362\" title=\"trafovnut_small\" loading=\"lazy\" src=\"https:\/\/elektroharamia.propagujsa.sk\/wp-content\/uploads\/2023\/07\/trafovnut_small.jpg\" data-width=\"131\" data-height=\"125\" style=\"aspect-ratio: auto 380 \/ 362;\"><\/span><\/a><a href=\"https:\/\/elektroharamia.propagujsa.sk\/en\/kategorie\/trafostanice-podzemne\/\"><\/p>\n<h3 style=\"text-align: center;\">Trafostanice podzemn\u00e9<\/h3>\n<p><span><img decoding=\"async\" alt=\"\" data-id=\"89\" width=\"131\" data-init-width=\"380\" height=\"125\" data-init-height=\"362\" title=\"trafovnut_small\" loading=\"lazy\" src=\"https:\/\/elektroharamia.propagujsa.sk\/wp-content\/uploads\/2023\/07\/trafovnut_small.jpg\" data-width=\"131\" data-height=\"125\" style=\"aspect-ratio: auto 380 \/ 362;\"><\/span><\/a><a href=\"https:\/\/elektroharamia.propagujsa.sk\/en\/kategorie\/trafostanice-atypy-c\/\"><\/p>\n<h3 style=\"text-align: center;\">Trafostanice atypy<\/h3>\n<p><span><img decoding=\"async\" alt=\"\" data-id=\"89\" width=\"131\" data-init-width=\"380\" height=\"125\" data-init-height=\"362\" title=\"trafovnut_small\" loading=\"lazy\" src=\"https:\/\/elektroharamia.propagujsa.sk\/wp-content\/uploads\/2023\/07\/trafovnut_small.jpg\" data-width=\"131\" data-height=\"125\" style=\"aspect-ratio: auto 380 \/ 362;\"><\/span><\/a><a href=\"https:\/\/elektroharamia.propagujsa.sk\/en\/nn-rozvadzace\/\"><\/p>\n<h3 style=\"text-align: center;\">NN rozv\u00e1dza\u010de<\/h3>\n<p><span><img decoding=\"async\" alt=\"\" data-id=\"89\" width=\"131\" data-init-width=\"380\" height=\"125\" data-init-height=\"362\" title=\"trafovnut_small\" loading=\"lazy\" src=\"https:\/\/elektroharamia.propagujsa.sk\/wp-content\/uploads\/2023\/07\/trafovnut_small.jpg\" data-width=\"131\" data-height=\"125\" style=\"aspect-ratio: auto 380 \/ 362;\"><\/span><\/a><\/p>\n<h3 style=\"text-align: center;\">V\u00fdrobaMont\u00e1\u017eServis<\/h3>\n<p style=\"text-align: left; color: rgb(32, 32, 32) !important; --tcb-applied-color: rgb(32, 32, 32) !important;\">Okrem kompletnej dod\u00e1vky trafostan\u00edc na k\u013e\u00fa\u010d je s\u00fa\u010das\u0165ou v\u00fdrobn\u00e9ho programu dod\u00e1vka NN rozv\u00e1dza\u010dov aj samostatne \u2013 pod\u013ea dodanej projektovej dokument\u00e1cie.<\/p>\n<p style=\"text-align: left;\">Pridru\u017eenou v\u00fdrobou je opracovanie plechov \u2013 vysek\u00e1vanie a &nbsp;oh\u00fdbanie, z\u00e1mo\u010dn\u00edcka v\u00fdroba, v\u00fdroba hlin\u00edkov\u00fdch v\u00fdpln\u00ed otvorov.<\/p>\n<h2 style=\"\">&nbsp; &nbsp;O n\u00e1s<\/h2>\n<p style=\"text-align: center;\">Budujeme na\u0161e sk\u00fasenosti od roku<\/p>\n<p style=\"text-align: center;\">1990<\/p>\n<p><span><img decoding=\"async\" alt=\"\" data-id=\"95\" width=\"533\" data-init-width=\"627\" height=\"321\" data-init-height=\"378\" title=\"onas\" loading=\"lazy\" src=\"https:\/\/elektroharamia.propagujsa.sk\/wp-content\/uploads\/2023\/07\/onas.png\" data-width=\"533\" data-height=\"321\" style=\"aspect-ratio: auto 627 \/ 378;\"><\/span><\/p>\n<p style=\"\">Spolo\u010dnos\u0165 ELEKTRO-HARAMIA ma s\u00eddlo na Z\u00e1hor\u00ed, cca 20 km na severoz\u00e1pad od Bratislavy.<\/p>\n<p style=\"\">Spolo\u010dnos\u0165 \u00faspe\u0161ne p\u00f4sob\u00ed na slovenskom trhu u\u017e viac ako tridsa\u0165 rokov a jej hlavn\u00fdm v\u00fdrobn\u00fdm programom je v\u00fdroba, mont\u00e1\u017e a predaj kompaktn\u00fdch \u017eelezobet\u00f3nov\u00fdch kioskov\u00fdch trafostan\u00edc pre potreby slovensk\u00fdch energetick\u00fdch podnikov, ale aj pre ostatn\u00fdch civiln\u00fdch odberate\u013eov nielen na Slovensku, ale aj v \u010ceskej republike.<\/p>\n<h2 style=\"\">&nbsp; &nbsp;Referencie<\/h2>\n<p style=\"text-align: center;\">Realizovan\u00fdch<\/p>\n<p style=\"text-align: center;\">5000+ projektov<\/p>\n<p><span><img decoding=\"async\" alt=\"\" data-id=\"915\" width=\"350\" data-init-width=\"962\" height=\"236\" data-init-height=\"650\" title=\"ref-4\" loading=\"lazy\" src=\"https:\/\/elektroharamia.propagujsa.sk\/wp-content\/uploads\/2023\/12\/ref-4.webp\" data-width=\"350\" data-height=\"236\" style=\"aspect-ratio: auto 962 \/ 650;\"><\/span><\/p>\n<p style=\"\">\u017deliezovce<\/p>\n<p style=\"\">EH2 &#8211; Sp\u00ednacia stanica<\/p>\n<p><span><img decoding=\"async\" alt=\"\" data-id=\"915\" width=\"350\" data-init-width=\"962\" height=\"236\" data-init-height=\"650\" title=\"ref-4\" loading=\"lazy\" src=\"https:\/\/elektroharamia.propagujsa.sk\/wp-content\/uploads\/2023\/12\/ref-4.webp\" data-width=\"350\" data-height=\"236\" style=\"aspect-ratio: auto 962 \/ 650;\"><\/span><\/p>\n<p style=\"\">Nitra<\/p>\n<p>EH2 &#8211; Priemyseln\u00fd park<\/p>\n<p><span><img decoding=\"async\" alt=\"\" data-id=\"915\" width=\"533\" data-init-width=\"962\" height=\"360\" data-init-height=\"650\" title=\"ref-4\" loading=\"lazy\" src=\"https:\/\/elektroharamia.propagujsa.sk\/wp-content\/uploads\/2023\/12\/ref-4.webp\" data-width=\"533\" data-height=\"360\" style=\"aspect-ratio: auto 962 \/ 650;\"><\/span><\/p>\n<p style=\"\">Malacky<\/p>\n<p style=\"\">EH3 &#8211; Benteler<\/p>\n<h2 style=\"\">&nbsp; &nbsp;Partneri<\/h2>\n<p><span><img decoding=\"async\" alt=\"\" data-id=\"98\" width=\"\" height=\"undefined\" title=\"1\" src=\"https:\/\/elektroharamia.propagujsa.sk\/wp-content\/uploads\/2023\/07\/1-1.svg\" data-src=\"https:\/\/elektroharamia.propagujsa.sk\/wp-content\/uploads\/2023\/07\/1-1.svg\" loading=\"lazy\" data-sizes=\"{&quot;full&quot;:{&quot;url&quot;:&quot;https:\/\/elektroharamia.propagujsa.sk\/wp-content\/uploads\/2023\/07\/1-1.svg&quot;}}\" style=\"\"><\/span><span><img decoding=\"async\" alt=\"\" data-id=\"99\" width=\"\" height=\"undefined\" title=\"2\" src=\"https:\/\/elektroharamia.propagujsa.sk\/wp-content\/uploads\/2023\/07\/2-1.svg\" data-src=\"https:\/\/elektroharamia.propagujsa.sk\/wp-content\/uploads\/2023\/07\/2-1.svg\" loading=\"lazy\" data-sizes=\"{&quot;full&quot;:{&quot;url&quot;:&quot;https:\/\/elektroharamia.propagujsa.sk\/wp-content\/uploads\/2023\/07\/2-1.svg&quot;}}\" style=\"\"><\/span><span><img decoding=\"async\" alt=\"\" data-id=\"100\" width=\"\" height=\"undefined\" title=\"3\" src=\"https:\/\/elektroharamia.propagujsa.sk\/wp-content\/uploads\/2023\/07\/3.svg\" data-src=\"https:\/\/elektroharamia.propagujsa.sk\/wp-content\/uploads\/2023\/07\/3.svg\" loading=\"lazy\" data-sizes=\"{&quot;full&quot;:{&quot;url&quot;:&quot;https:\/\/elektroharamia.propagujsa.sk\/wp-content\/uploads\/2023\/07\/3.svg&quot;}}\" style=\"\"><\/span><span><img decoding=\"async\" alt=\"\" data-id=\"101\" width=\"\" height=\"undefined\" title=\"4\" src=\"https:\/\/elektroharamia.propagujsa.sk\/wp-content\/uploads\/2023\/07\/4.svg\" data-src=\"https:\/\/elektroharamia.propagujsa.sk\/wp-content\/uploads\/2023\/07\/4.svg\" loading=\"lazy\" data-sizes=\"{&quot;full&quot;:{&quot;url&quot;:&quot;https:\/\/elektroharamia.propagujsa.sk\/wp-content\/uploads\/2023\/07\/4.svg&quot;}}\" style=\"\"><\/span><span><img decoding=\"async\" alt=\"\" data-id=\"102\" width=\"\" height=\"undefined\" title=\"5\" src=\"https:\/\/elektroharamia.propagujsa.sk\/wp-content\/uploads\/2023\/07\/5.svg\" data-src=\"https:\/\/elektroharamia.propagujsa.sk\/wp-content\/uploads\/2023\/07\/5.svg\" loading=\"lazy\" data-sizes=\"{&quot;full&quot;:{&quot;url&quot;:&quot;https:\/\/elektroharamia.propagujsa.sk\/wp-content\/uploads\/2023\/07\/5.svg&quot;}}\" style=\"\"><\/span><span><img decoding=\"async\" alt=\"\" data-id=\"103\" width=\"\" height=\"undefined\" title=\"6\" src=\"https:\/\/elektroharamia.propagujsa.sk\/wp-content\/uploads\/2023\/07\/6.svg\" data-src=\"https:\/\/elektroharamia.propagujsa.sk\/wp-content\/uploads\/2023\/07\/6.svg\" loading=\"lazy\" data-sizes=\"{&quot;full&quot;:{&quot;url&quot;:&quot;https:\/\/elektroharamia.propagujsa.sk\/wp-content\/uploads\/2023\/07\/6.svg&quot;}}\" style=\"\"><\/span><span><img decoding=\"async\" alt=\"\" data-id=\"104\" width=\"\" height=\"undefined\" title=\"7\" src=\"https:\/\/elektroharamia.propagujsa.sk\/wp-content\/uploads\/2023\/07\/7.svg\" data-src=\"https:\/\/elektroharamia.propagujsa.sk\/wp-content\/uploads\/2023\/07\/7.svg\" loading=\"lazy\" data-sizes=\"{&quot;full&quot;:{&quot;url&quot;:&quot;https:\/\/elektroharamia.propagujsa.sk\/wp-content\/uploads\/2023\/07\/7.svg&quot;}}\" style=\"\"><\/span><span><img decoding=\"async\" alt=\"\" data-id=\"105\" width=\"\" height=\"undefined\" title=\"8\" src=\"https:\/\/elektroharamia.propagujsa.sk\/wp-content\/uploads\/2023\/07\/8.svg\" data-src=\"https:\/\/elektroharamia.propagujsa.sk\/wp-content\/uploads\/2023\/07\/8.svg\" loading=\"lazy\" data-sizes=\"{&quot;full&quot;:{&quot;url&quot;:&quot;https:\/\/elektroharamia.propagujsa.sk\/wp-content\/uploads\/2023\/07\/8.svg&quot;}}\" style=\"\"><\/span><\/p>","protected":false},"excerpt":{"rendered":"<p>Najva\u010d\u0161\u00ed Slovensk\u00fd V\u00fdrobca&nbsp; Trafostan\u00edc &nbsp; &nbsp;Produkty Trafostanice s vn\u00fatorn\u00fdm ovl\u00e1dan\u00edm Trafostanice s vonkaj\u0161\u00edmovl\u00e1dan\u00edm Trafostanice podzemn\u00e9 Trafostanice atypy NN rozv\u00e1dza\u010de V\u00fdrobaMont\u00e1\u017eServis Okrem kompletnej dod\u00e1vky trafostan\u00edc na k\u013e\u00fa\u010d je s\u00fa\u010das\u0165ou v\u00fdrobn\u00e9ho programu dod\u00e1vka NN rozv\u00e1dza\u010dov aj samostatne \u2013 pod\u013ea dodanej projektovej dokument\u00e1cie. Pridru\u017eenou v\u00fdrobou je opracovanie plechov \u2013 vysek\u00e1vanie a &nbsp;oh\u00fdbanie, z\u00e1mo\u010dn\u00edcka v\u00fdroba, v\u00fdroba hlin\u00edkov\u00fdch v\u00fdpln\u00ed otvorov. [&hellip;]<\/p>","protected":false},"author":4,"featured_media":0,"parent":0,"menu_order":0,"comment_status":"closed","ping_status":"closed","template":"","meta":{"_acf_changed":false,"footnotes":""},"class_list":["post-80","page","type-page","status-publish","hentry","post-wrapper","thrv_wrapper"],"acf":[],"_links":{"self":[{"href":"https:\/\/elektroharamia.propagujsa.sk\/en\/wp-json\/wp\/v2\/pages\/80","targetHints":{"allow":["GET"]}}],"collection":[{"href":"https:\/\/elektroharamia.propagujsa.sk\/en\/wp-json\/wp\/v2\/pages"}],"about":[{"href":"https:\/\/elektroharamia.propagujsa.sk\/en\/wp-json\/wp\/v2\/types\/page"}],"author":[{"embeddable":true,"href":"https:\/\/elektroharamia.propagujsa.sk\/en\/wp-json\/wp\/v2\/users\/4"}],"replies":[{"embeddable":true,"href":"https:\/\/elektroharamia.propagujsa.sk\/en\/wp-json\/wp\/v2\/comments?post=80"}],"version-history":[{"count":5,"href":"https:\/\/elektroharamia.propagujsa.sk\/en\/wp-json\/wp\/v2\/pages\/80\/revisions"}],"predecessor-version":[{"id":1059,"href":"https:\/\/elektroharamia.propagujsa.sk\/en\/wp-json\/wp\/v2\/pages\/80\/revisions\/1059"}],"wp:attachment":[{"href":"https:\/\/elektroharamia.propagujsa.sk\/en\/wp-json\/wp\/v2\/media?parent=80"}],"curies":[{"name":"wp","href":"https:\/\/api.w.org\/{rel}","templated":true}]}}