{"id":712,"date":"2023-12-08T16:48:56","date_gmt":"2023-12-08T14:48:56","guid":{"rendered":"https:\/\/elektroharamia.propagujsa.sk\/?page_id=712"},"modified":"2023-12-18T12:40:56","modified_gmt":"2023-12-18T10:40:56","slug":"trafostanice-podzemne","status":"publish","type":"page","link":"https:\/\/elektroharamia.propagujsa.sk\/en\/kategorie\/trafostanice-podzemne\/","title":{"rendered":"Trafostanice podzemn\u00e9"},"content":{"rendered":"<p><a href=\"https:\/\/elektroharamia.propagujsa.sk\/en\/trafostanice-s-vnutornym-ovladanim\/\" rel=\"\"><\/p>\n<p style=\"text-align: center;\">Trafostanice s vn\u00fatorn\u00fdm ovl\u00e1dan\u00edm<\/p>\n<p><span><img decoding=\"async\" alt=\"\" data-id=\"502\" width=\"139\" data-init-width=\"1500\" height=\"113\" data-init-height=\"1043\" title=\"EH1-A\" loading=\"lazy\" src=\"https:\/\/elektroharamia.propagujsa.sk\/wp-content\/uploads\/2023\/12\/EH1-A.png\" data-width=\"139\" data-height=\"113\" style=\"aspect-ratio: auto 1500 \/ 1043;\"><\/span><\/a><a href=\"https:\/\/elektroharamia.propagujsa.sk\/en\/trafostanice-s-vonkajsim-ovladanim\/\" rel=\"\"><\/p>\n<p style=\"text-align: center;\">Trafostanice s vonkaj\u0161\u00edmovl\u00e1dan\u00edm<\/p>\n<p><span><img decoding=\"async\" alt=\"\" data-id=\"560\" width=\"164\" data-init-width=\"1500\" height=\"114\" data-init-height=\"1043\" title=\"EH-8-var-A-1\" loading=\"lazy\" src=\"https:\/\/elektroharamia.propagujsa.sk\/wp-content\/uploads\/2023\/12\/EH-8-var-A-1.png\" data-width=\"164\" data-height=\"114\" style=\"aspect-ratio: auto 1500 \/ 1043;\"><\/span><\/a><a href=\"https:\/\/elektroharamia.propagujsa.sk\/en\/trafostanice-podzemne\/\" rel=\"\"><\/p>\n<p style=\"text-align: center;\">Trafostanice podzemn\u00e9<\/p>\n<p><span style=\"\"><img decoding=\"async\" alt=\"\" data-id=\"628\" width=\"164\" data-init-width=\"1500\" height=\"114\" data-init-height=\"1043\" title=\"EH9-1-2\" loading=\"lazy\" src=\"https:\/\/elektroharamia.propagujsa.sk\/wp-content\/uploads\/2023\/12\/EH9-1-2.png\" data-width=\"164\" data-height=\"114\" style=\"aspect-ratio: auto 1500 \/ 1043;\" ml-d=\"0\" mt-d=\"0\"><\/span><\/a><a href=\"https:\/\/elektroharamia.propagujsa.sk\/en\/trafostanice-atypy-c\/\" rel=\"\"><\/p>\n<p style=\"text-align: center;\">Trafostanice atypy<\/p>\n<p><span><img decoding=\"async\" alt=\"\" data-id=\"951\" width=\"164\" data-init-width=\"1080\" height=\"134\" data-init-height=\"880\" title=\"EH8D-1-1\" loading=\"lazy\" src=\"https:\/\/elektroharamia.propagujsa.sk\/wp-content\/uploads\/2023\/12\/EH8D-1-1-2.png\" data-width=\"164\" data-height=\"134\" style=\"aspect-ratio: auto 1080 \/ 880;\"><\/span><\/a><a href=\"https:\/\/elektroharamia.propagujsa.sk\/en\/nn-rozvadzace-c\/\" rel=\"\"><\/p>\n<p style=\"text-align: center;\">NN rozv\u00e1dza\u010de<\/p>\n<p><span><img decoding=\"async\" alt=\"\" data-id=\"951\" width=\"164\" data-init-width=\"1080\" height=\"134\" data-init-height=\"880\" title=\"EH8D-1-1\" loading=\"lazy\" src=\"https:\/\/elektroharamia.propagujsa.sk\/wp-content\/uploads\/2023\/12\/EH8D-1-1-2.png\" data-width=\"164\" data-height=\"134\" style=\"aspect-ratio: auto 1080 \/ 880;\"><\/span><\/a><a href=\"https:\/\/elektroharamia.propagujsa.sk\/en\/kategorie\/trafostanice-s-vnutornym-ovladanim\/\" rel=\"\"><\/p>\n<p style=\"\">Trafostanice s vn\u00fatorn\u00fdm ovl\u00e1dan\u00edm<\/p>\n<p><\/a><a href=\"https:\/\/elektroharamia.propagujsa.sk\/en\/kategorie\/trafostanice-s-vonkajsim-ovladanim\/\" rel=\"\"><\/p>\n<p style=\"\">Trafostanice s vonkaj\u0161\u00edm ovl\u00e1dan\u00edm<\/p>\n<p><\/a><a href=\"https:\/\/elektroharamia.propagujsa.sk\/en\/kategorie\/trafostanice-podzemne\/\" rel=\"\"><\/p>\n<p style=\"\">Trafostanice podzemn\u00e9<\/p>\n<p><\/a><a href=\"https:\/\/elektroharamia.propagujsa.sk\/en\/kategorie\/trafostanice-atypy-c\/\" rel=\"\"><\/p>\n<p style=\"\">Trafostanice atypy<\/p>\n<p><\/a><a href=\"https:\/\/elektroharamia.propagujsa.sk\/en\/kategorie\/nn-rozvadzace-c\/\" rel=\"\"><\/p>\n<p style=\"\">NN rozv\u00e1dza\u010de<\/p>\n<p><\/a><\/p>\n<h2>&nbsp; &nbsp;Trafostanice podzemn\u00e9<\/h2>\n<p><a href=\"https:\/\/elektroharamia.propagujsa.sk\/en\/trafostanica-eh9-1\/\" rel=\"\" style=\"\"><span><img decoding=\"async\" alt=\"\" data-id=\"628\" width=\"272\" data-init-width=\"1500\" height=\"189\" data-init-height=\"1043\" title=\"EH9-1-2\" loading=\"lazy\" src=\"https:\/\/elektroharamia.propagujsa.sk\/wp-content\/uploads\/2023\/12\/EH9-1-2.png\" data-width=\"272\" data-height=\"189\" style=\"aspect-ratio: auto 1500 \/ 1043;\"><\/span><\/p>\n<p style=\"text-align: center;\">Trafostanica EH9.1<\/p>\n<p style=\"text-align: center;\">P\u00f4dorysn\u00fd rozmer: 6000 x 3000mmH\u013abka zapustenia: 3610mmTrafo max 1250kVA (1600kVA)<\/p>\n<p style=\"\">Viac o produkte<\/p>\n<p><span data-id=\"icon-asset-choose-copy\" style=\"\"><\/span><\/a><a href=\"https:\/\/elektroharamia.propagujsa.sk\/en\/trafostanica-eh9-2\/\" rel=\"\"><span><img decoding=\"async\" alt=\"\" data-id=\"628\" width=\"272\" data-init-width=\"1500\" height=\"189\" data-init-height=\"1043\" title=\"EH9-1-2\" loading=\"lazy\" src=\"https:\/\/elektroharamia.propagujsa.sk\/wp-content\/uploads\/2023\/12\/EH9-1-2.png\" data-width=\"272\" data-height=\"189\" style=\"aspect-ratio: auto 1500 \/ 1043;\"><\/span><\/p>\n<p style=\"text-align: center;\">Trafostanica EH9.2<\/p>\n<p style=\"text-align: center;\">P\u00f4dorysn\u00fd rozmer: 6000 x 3000mmH\u013abka zapustenia: 3610mmTrafo max 2x630kVA (2x1000kVA)<\/p>\n<p style=\"\">Viac o produkte<\/p>\n<p><span data-id=\"icon-asset-choose-copy\" style=\"\"><\/span><\/a><\/p>","protected":false},"excerpt":{"rendered":"<p>Trafostanice s vn\u00fatorn\u00fdm ovl\u00e1dan\u00edm Trafostanice s vonkaj\u0161\u00edmovl\u00e1dan\u00edm Trafostanice podzemn\u00e9 Trafostanice atypy NN rozv\u00e1dza\u010de Trafostanice s vn\u00fatorn\u00fdm ovl\u00e1dan\u00edm Trafostanice s vonkaj\u0161\u00edm ovl\u00e1dan\u00edm Trafostanice podzemn\u00e9 Trafostanice atypy NN rozv\u00e1dza\u010de &nbsp; &nbsp;Trafostanice podzemn\u00e9 Trafostanica EH9.1 P\u00f4dorysn\u00fd rozmer: 6000 x 3000mmH\u013abka zapustenia: 3610mmTrafo max 1250kVA (1600kVA) Viac o produkte Trafostanica EH9.2 P\u00f4dorysn\u00fd rozmer: 6000 x 3000mmH\u013abka zapustenia: 3610mmTrafo max [&hellip;]<\/p>","protected":false},"author":4,"featured_media":0,"parent":441,"menu_order":0,"comment_status":"closed","ping_status":"closed","template":"","meta":{"_acf_changed":false,"footnotes":""},"class_list":["post-712","page","type-page","status-publish","hentry","post-wrapper","thrv_wrapper"],"acf":[],"_links":{"self":[{"href":"https:\/\/elektroharamia.propagujsa.sk\/en\/wp-json\/wp\/v2\/pages\/712","targetHints":{"allow":["GET"]}}],"collection":[{"href":"https:\/\/elektroharamia.propagujsa.sk\/en\/wp-json\/wp\/v2\/pages"}],"about":[{"href":"https:\/\/elektroharamia.propagujsa.sk\/en\/wp-json\/wp\/v2\/types\/page"}],"author":[{"embeddable":true,"href":"https:\/\/elektroharamia.propagujsa.sk\/en\/wp-json\/wp\/v2\/users\/4"}],"replies":[{"embeddable":true,"href":"https:\/\/elektroharamia.propagujsa.sk\/en\/wp-json\/wp\/v2\/comments?post=712"}],"version-history":[{"count":5,"href":"https:\/\/elektroharamia.propagujsa.sk\/en\/wp-json\/wp\/v2\/pages\/712\/revisions"}],"predecessor-version":[{"id":1047,"href":"https:\/\/elektroharamia.propagujsa.sk\/en\/wp-json\/wp\/v2\/pages\/712\/revisions\/1047"}],"up":[{"embeddable":true,"href":"https:\/\/elektroharamia.propagujsa.sk\/en\/wp-json\/wp\/v2\/pages\/441"}],"wp:attachment":[{"href":"https:\/\/elektroharamia.propagujsa.sk\/en\/wp-json\/wp\/v2\/media?parent=712"}],"curies":[{"name":"wp","href":"https:\/\/api.w.org\/{rel}","templated":true}]}}