{"id":708,"date":"2023-12-08T16:47:27","date_gmt":"2023-12-08T14:47:27","guid":{"rendered":"https:\/\/elektroharamia.propagujsa.sk\/?page_id=708"},"modified":"2023-12-18T12:40:10","modified_gmt":"2023-12-18T10:40:10","slug":"trafostanice-s-vonkajsim-ovladanim","status":"publish","type":"page","link":"https:\/\/elektroharamia.propagujsa.sk\/en\/kategorie\/trafostanice-s-vonkajsim-ovladanim\/","title":{"rendered":"Trafostanice s vonkaj\u0161\u00edm ovl\u00e1dan\u00edm"},"content":{"rendered":"<p><a href=\"https:\/\/elektroharamia.propagujsa.sk\/en\/trafostanice-s-vnutornym-ovladanim\/\" rel=\"\"><\/p>\n<p style=\"text-align: center;\">Trafostanice s vn\u00fatorn\u00fdm ovl\u00e1dan\u00edm<\/p>\n<p><span><img decoding=\"async\" alt=\"\" data-id=\"502\" width=\"139\" data-init-width=\"1500\" height=\"113\" data-init-height=\"1043\" title=\"EH1-A\" loading=\"lazy\" src=\"https:\/\/elektroharamia.propagujsa.sk\/wp-content\/uploads\/2023\/12\/EH1-A.png\" data-width=\"139\" data-height=\"113\" style=\"aspect-ratio: auto 1500 \/ 1043;\"><\/span><\/a><a href=\"https:\/\/elektroharamia.propagujsa.sk\/en\/trafostanice-s-vonkajsim-ovladanim\/\" rel=\"\"><\/p>\n<p style=\"text-align: center;\">Trafostanice s vonkaj\u0161\u00edmovl\u00e1dan\u00edm<\/p>\n<p><span><img decoding=\"async\" alt=\"\" data-id=\"560\" width=\"164\" data-init-width=\"1500\" height=\"114\" data-init-height=\"1043\" title=\"EH-8-var-A-1\" loading=\"lazy\" src=\"https:\/\/elektroharamia.propagujsa.sk\/wp-content\/uploads\/2023\/12\/EH-8-var-A-1.png\" data-width=\"164\" data-height=\"114\" style=\"aspect-ratio: auto 1500 \/ 1043;\"><\/span><\/a><a href=\"https:\/\/elektroharamia.propagujsa.sk\/en\/trafostanice-podzemne\/\" rel=\"\"><\/p>\n<p style=\"text-align: center;\">Trafostanice podzemn\u00e9<\/p>\n<p><span style=\"\"><img decoding=\"async\" alt=\"\" data-id=\"628\" width=\"164\" data-init-width=\"1500\" height=\"114\" data-init-height=\"1043\" title=\"EH9-1-2\" loading=\"lazy\" src=\"https:\/\/elektroharamia.propagujsa.sk\/wp-content\/uploads\/2023\/12\/EH9-1-2.png\" data-width=\"164\" data-height=\"114\" style=\"aspect-ratio: auto 1500 \/ 1043;\" ml-d=\"0\" mt-d=\"0\"><\/span><\/a><a href=\"https:\/\/elektroharamia.propagujsa.sk\/en\/trafostanice-atypy-c\/\" rel=\"\"><\/p>\n<p style=\"text-align: center;\">Trafostanice atypy<\/p>\n<p><span><img decoding=\"async\" alt=\"\" data-id=\"951\" width=\"164\" data-init-width=\"1080\" height=\"134\" data-init-height=\"880\" title=\"EH8D-1-1\" loading=\"lazy\" src=\"https:\/\/elektroharamia.propagujsa.sk\/wp-content\/uploads\/2023\/12\/EH8D-1-1-2.png\" data-width=\"164\" data-height=\"134\" style=\"aspect-ratio: auto 1080 \/ 880;\"><\/span><\/a><a href=\"https:\/\/elektroharamia.propagujsa.sk\/en\/nn-rozvadzace-c\/\" rel=\"\"><\/p>\n<p style=\"text-align: center;\">NN rozv\u00e1dza\u010de<\/p>\n<p><span><img decoding=\"async\" alt=\"\" data-id=\"951\" width=\"164\" data-init-width=\"1080\" height=\"134\" data-init-height=\"880\" title=\"EH8D-1-1\" loading=\"lazy\" src=\"https:\/\/elektroharamia.propagujsa.sk\/wp-content\/uploads\/2023\/12\/EH8D-1-1-2.png\" data-width=\"164\" data-height=\"134\" style=\"aspect-ratio: auto 1080 \/ 880;\"><\/span><\/a><a href=\"https:\/\/elektroharamia.propagujsa.sk\/en\/kategorie\/trafostanice-s-vnutornym-ovladanim\/\" rel=\"\"><\/p>\n<p style=\"\">Trafostanice s vn\u00fatorn\u00fdm ovl\u00e1dan\u00edm<\/p>\n<p><\/a><a href=\"https:\/\/elektroharamia.propagujsa.sk\/en\/kategorie\/trafostanice-s-vonkajsim-ovladanim\/\" rel=\"\"><\/p>\n<p style=\"\">Trafostanice s vonkaj\u0161\u00edm ovl\u00e1dan\u00edm<\/p>\n<p><\/a><a href=\"https:\/\/elektroharamia.propagujsa.sk\/en\/kategorie\/trafostanice-podzemne\/\" rel=\"\"><\/p>\n<p style=\"\">Trafostanice podzemn\u00e9<\/p>\n<p><\/a><a href=\"https:\/\/elektroharamia.propagujsa.sk\/en\/kategorie\/trafostanice-atypy-c\/\" rel=\"\"><\/p>\n<p style=\"\">Trafostanice atypy<\/p>\n<p><\/a><a href=\"https:\/\/elektroharamia.propagujsa.sk\/en\/kategorie\/nn-rozvadzace-c\/\" rel=\"\"><\/p>\n<p style=\"\">NN rozv\u00e1dza\u010de<\/p>\n<p><\/a><\/p>\n<h2 style=\"\">Trafostanice s vonkaj\u0161\u00edm ovl\u00e1dan\u00edm<\/h2>\n<p><a href=\"https:\/\/elektroharamia.propagujsa.sk\/en\/trafostanica-eh8-var-a\/\" rel=\"\" style=\"\"><span><img decoding=\"async\" alt=\"\" data-id=\"560\" width=\"272\" data-init-width=\"1500\" height=\"189\" data-init-height=\"1043\" title=\"EH-8-var-A-1\" loading=\"lazy\" src=\"https:\/\/elektroharamia.propagujsa.sk\/wp-content\/uploads\/2023\/12\/EH-8-var-A-1.png\" data-width=\"272\" data-height=\"189\" style=\"aspect-ratio: auto 1500 \/ 1043;\"><\/span><\/p>\n<p style=\"text-align: center;\">Trafostanica EH8 var.A<\/p>\n<p style=\"text-align: center;\">N\u00edzka, kompaktn\u00e1 transforma\u010dn\u00e1 stanicaP\u00f4dorysn\u00fd rozmer: 2300 x 1900mmTrafo max 630kVA<\/p>\n<p style=\"\">Viac o produkte<\/p>\n<p><span data-id=\"icon-asset-choose-copy\" style=\"\"><\/span><\/a><a href=\"https:\/\/elektroharamia.propagujsa.sk\/en\/trafostanica-eh8-var-b\/\" rel=\"\"><span><img decoding=\"async\" alt=\"\" data-id=\"913\" width=\"272\" data-init-width=\"1080\" height=\"222\" data-init-height=\"880\" title=\"EH-8-var-B-1\" loading=\"lazy\" src=\"https:\/\/elektroharamia.propagujsa.sk\/wp-content\/uploads\/2023\/12\/EH-8-var-B-1-1.png\" data-width=\"272\" data-height=\"222\" style=\"aspect-ratio: auto 1080 \/ 880;\"><\/span><\/p>\n<p style=\"text-align: center;\">Trafostanica EH8 var.B<\/p>\n<p style=\"text-align: center;\">N\u00edzka, kompaktn\u00e1 transforma\u010dn\u00e1 stanicaP\u00f4dorysn\u00fd rozmer: 2300 x 1900mmTrafo max 630kVA<\/p>\n<p style=\"\">Viac o produkte<\/p>\n<p><span data-id=\"icon-asset-choose-copy\" style=\"\"><\/span><\/a><a href=\"https:\/\/elektroharamia.propagujsa.sk\/en\/trafostanica-eh8c\/\" rel=\"\"><span><img decoding=\"async\" alt=\"\" data-id=\"577\" width=\"272\" data-init-width=\"1500\" height=\"189\" data-init-height=\"1043\" title=\"EH8C-2\" loading=\"lazy\" src=\"https:\/\/elektroharamia.propagujsa.sk\/wp-content\/uploads\/2023\/12\/EH8C-2.png\" data-width=\"272\" data-height=\"189\" style=\"aspect-ratio: auto 1500 \/ 1043;\"><\/span><\/p>\n<p style=\"text-align: center;\">Trafostanica EH8C<\/p>\n<p style=\"text-align: center;\">N\u00edzka, kompaktn\u00e1 transforma\u010dn\u00e1 stanicaP\u00f4dorysn\u00fd rozmer: 2300 x 1900mmTrafo max 630kVA<\/p>\n<p style=\"\">Viac o produkte<\/p>\n<p><span data-id=\"icon-asset-choose-copy\" style=\"\"><\/span><\/a><a href=\"https:\/\/elektroharamia.propagujsa.sk\/en\/trafostanica-eh8a\/\" rel=\"\"><span style=\"\"><img decoding=\"async\" alt=\"\" data-id=\"584\" width=\"318\" data-init-width=\"1500\" height=\"221\" data-init-height=\"1043\" title=\"EH8A-1\" loading=\"lazy\" src=\"https:\/\/elektroharamia.propagujsa.sk\/wp-content\/uploads\/2023\/12\/EH8A-1.png\" data-width=\"318\" data-height=\"221\" style=\"aspect-ratio: auto 1500 \/ 1043;\" ml-d=\"-28\" mt-d=\"0\" center-h-d=\"false\"><\/span><\/p>\n<p style=\"text-align: center;\">Trafostanica EH8A<\/p>\n<p style=\"text-align: center;\">N\u00edzka, kompaktn\u00e1 transforma\u010dn\u00e1 stanicaP\u00f4dorysn\u00fd rozmer: 4600 x 1900mmTrafo max 2x630kVA<\/p>\n<p style=\"\">Viac o produkte<\/p>\n<p><span data-id=\"icon-asset-choose-copy\" style=\"\"><\/span><\/a><a href=\"https:\/\/elektroharamia.propagujsa.sk\/en\/trafostanica-eh8b\/\" rel=\"\"><span><img decoding=\"async\" alt=\"\" data-id=\"593\" width=\"272\" data-init-width=\"1500\" height=\"222\" data-init-height=\"1043\" title=\"EH8B-1\" loading=\"lazy\" src=\"https:\/\/elektroharamia.propagujsa.sk\/wp-content\/uploads\/2023\/12\/EH8B-1.png\" data-width=\"272\" data-height=\"222\" style=\"aspect-ratio: auto 1500 \/ 1043;\"><\/span><\/p>\n<p style=\"text-align: center;\">Trafostanica EH8B<\/p>\n<p style=\"text-align: center;\">N\u00edzka, kompaktn\u00e1 transforma\u010dn\u00e1 stanicaP\u00f4dorysn\u00fd rozmer: 3800 x 2300mmTrafo max 2x630kVA<\/p>\n<p style=\"\">Viac o produkte<\/p>\n<p><span data-id=\"icon-asset-choose-copy\" style=\"\"><\/span><\/a><a href=\"https:\/\/elektroharamia.propagujsa.sk\/en\/trafostanica-eh8d\/\" rel=\"\"><span><img decoding=\"async\" alt=\"\" data-id=\"600\" width=\"272\" data-init-width=\"1500\" height=\"189\" data-init-height=\"1043\" title=\"EH8D-2\" loading=\"lazy\" src=\"https:\/\/elektroharamia.propagujsa.sk\/wp-content\/uploads\/2023\/12\/EH8D-2.png\" data-width=\"272\" data-height=\"189\" style=\"aspect-ratio: auto 1500 \/ 1043;\"><\/span><\/p>\n<p style=\"text-align: center;\">Trafostanica EH8D<\/p>\n<p style=\"text-align: center;\">N\u00edzka, kompaktn\u00e1 transforma\u010dn\u00e1 stanicaP\u00f4dorysn\u00fd rozmer: 2600 x 1500mmTrafo max 630kVA<\/p>\n<p style=\"\">Viac o produkte<\/p>\n<p><span data-id=\"icon-asset-choose-copy\" style=\"\"><\/span><\/a><a href=\"https:\/\/elektroharamia.propagujsa.sk\/en\/trafostanica-eh8d-1\/\" rel=\"\" style=\"\"><span style=\"\"><img decoding=\"async\" alt=\"\" data-id=\"643\" width=\"321\" data-init-width=\"1500\" height=\"223\" data-init-height=\"1043\" title=\"EH8D-1-1\" loading=\"lazy\" src=\"https:\/\/elektroharamia.propagujsa.sk\/wp-content\/uploads\/2023\/12\/EH8D-1-1-1.png\" data-width=\"321\" data-height=\"223\" style=\"aspect-ratio: auto 1500 \/ 1043;\" ml-d=\"-26\" mt-d=\"0\" center-h-d=\"false\"><\/span><\/p>\n<p style=\"text-align: center;\">Trafostanica EH8D.1<\/p>\n<p style=\"text-align: center;\">N\u00edzka, kompaktn\u00e1 transforma\u010dn\u00e1 stanicaP\u00f4dorysn\u00fd rozmer: 3000 x 1500mmTrafo max 630kVA<\/p>\n<p style=\"\">Viac o produkte<\/p>\n<p><span data-id=\"icon-asset-choose-copy\" style=\"\"><\/span><\/a><a href=\"https:\/\/elektroharamia.propagujsa.sk\/en\/trafostanica-eh8-box\/\" rel=\"\"><span><img decoding=\"async\" alt=\"\" data-id=\"614\" width=\"272\" data-init-width=\"1500\" height=\"222\" data-init-height=\"1043\" title=\"EH8Box-1\" loading=\"lazy\" src=\"https:\/\/elektroharamia.propagujsa.sk\/wp-content\/uploads\/2023\/12\/EH8Box-1.png\" data-width=\"272\" data-height=\"222\" style=\"aspect-ratio: auto 1500 \/ 1043;\"><\/span><\/p>\n<p style=\"text-align: center;\">Trafostanica EH8 BOX<\/p>\n<p style=\"text-align: center;\">N\u00edzka, kompaktn\u00e1 transforma\u010dn\u00e1 stanicaP\u00f4dorysn\u00fd rozmer: 1900 x 1450mmMax 4xVN pole<\/p>\n<p style=\"\">Viac o produkte<\/p>\n<p><span data-id=\"icon-asset-choose-copy\" style=\"\"><\/span><\/a><span style=\"\"><img decoding=\"async\" alt=\"\" data-id=\"89\" width=\"228\" data-init-width=\"380\" height=\"217\" data-init-height=\"362\" title=\"trafovnut_small\" loading=\"lazy\" src=\"https:\/\/elektroharamia.propagujsa.sk\/wp-content\/uploads\/2023\/07\/trafovnut_small.jpg\" data-width=\"228\" data-height=\"217\" style=\"aspect-ratio: auto 380 \/ 362;\" ml-d=\"-14\" mt-d=\"0\" center-h-d=\"true\"><\/span><\/p>\n<p style=\"text-align: center;\">Trafostanica EH8 1600<\/p>\n<p style=\"text-align: center;\">N\u00edzka, kompaktn\u00e1 transforma\u010dn\u00e1 stanicaP\u00f4dorysn\u00fd rozmer: 3200 x 2710mmTrafo max 1250 kVA (1600kVA)<\/p>\n<p style=\"\">Viac o produkte<\/p>\n<p><span data-id=\"icon-asset-choose-copy\" style=\"\"><\/span><\/p>","protected":false},"excerpt":{"rendered":"<p>Trafostanice s vn\u00fatorn\u00fdm ovl\u00e1dan\u00edm Trafostanice s vonkaj\u0161\u00edmovl\u00e1dan\u00edm Trafostanice podzemn\u00e9 Trafostanice atypy NN rozv\u00e1dza\u010de Trafostanice s vn\u00fatorn\u00fdm ovl\u00e1dan\u00edm Trafostanice s vonkaj\u0161\u00edm ovl\u00e1dan\u00edm Trafostanice podzemn\u00e9 Trafostanice atypy NN rozv\u00e1dza\u010de Trafostanice s vonkaj\u0161\u00edm ovl\u00e1dan\u00edm Trafostanica EH8 var.A N\u00edzka, kompaktn\u00e1 transforma\u010dn\u00e1 stanicaP\u00f4dorysn\u00fd rozmer: 2300 x 1900mmTrafo max 630kVA Viac o produkte Trafostanica EH8 var.B N\u00edzka, kompaktn\u00e1 transforma\u010dn\u00e1 stanicaP\u00f4dorysn\u00fd rozmer: [&hellip;]<\/p>","protected":false},"author":4,"featured_media":0,"parent":441,"menu_order":0,"comment_status":"closed","ping_status":"closed","template":"","meta":{"_acf_changed":false,"footnotes":""},"class_list":["post-708","page","type-page","status-publish","hentry","post-wrapper","thrv_wrapper"],"acf":[],"_links":{"self":[{"href":"https:\/\/elektroharamia.propagujsa.sk\/en\/wp-json\/wp\/v2\/pages\/708","targetHints":{"allow":["GET"]}}],"collection":[{"href":"https:\/\/elektroharamia.propagujsa.sk\/en\/wp-json\/wp\/v2\/pages"}],"about":[{"href":"https:\/\/elektroharamia.propagujsa.sk\/en\/wp-json\/wp\/v2\/types\/page"}],"author":[{"embeddable":true,"href":"https:\/\/elektroharamia.propagujsa.sk\/en\/wp-json\/wp\/v2\/users\/4"}],"replies":[{"embeddable":true,"href":"https:\/\/elektroharamia.propagujsa.sk\/en\/wp-json\/wp\/v2\/comments?post=708"}],"version-history":[{"count":5,"href":"https:\/\/elektroharamia.propagujsa.sk\/en\/wp-json\/wp\/v2\/pages\/708\/revisions"}],"predecessor-version":[{"id":1046,"href":"https:\/\/elektroharamia.propagujsa.sk\/en\/wp-json\/wp\/v2\/pages\/708\/revisions\/1046"}],"up":[{"embeddable":true,"href":"https:\/\/elektroharamia.propagujsa.sk\/en\/wp-json\/wp\/v2\/pages\/441"}],"wp:attachment":[{"href":"https:\/\/elektroharamia.propagujsa.sk\/en\/wp-json\/wp\/v2\/media?parent=708"}],"curies":[{"name":"wp","href":"https:\/\/api.w.org\/{rel}","templated":true}]}}