{"id":697,"date":"2023-12-08T16:40:19","date_gmt":"2023-12-08T14:40:19","guid":{"rendered":"https:\/\/elektroharamia.propagujsa.sk\/?page_id=697"},"modified":"2023-12-18T12:36:52","modified_gmt":"2023-12-18T10:36:52","slug":"trafostanice-s-vnutornym-ovladanim","status":"publish","type":"page","link":"https:\/\/elektroharamia.propagujsa.sk\/en\/kategorie\/trafostanice-s-vnutornym-ovladanim\/","title":{"rendered":"Trafostanice s vn\u00fatorn\u00fdm ovl\u00e1dan\u00edm"},"content":{"rendered":"<p><a href=\"https:\/\/elektroharamia.propagujsa.sk\/en\/trafostanice-s-vnutornym-ovladanim\/\" rel=\"\"><\/p>\n<p style=\"text-align: center;\">Trafostanice s vn\u00fatorn\u00fdm ovl\u00e1dan\u00edm<\/p>\n<p><span><img decoding=\"async\" alt=\"\" data-id=\"502\" width=\"139\" data-init-width=\"1500\" height=\"113\" data-init-height=\"1043\" title=\"EH1-A\" loading=\"lazy\" src=\"https:\/\/elektroharamia.propagujsa.sk\/wp-content\/uploads\/2023\/12\/EH1-A.png\" data-width=\"139\" data-height=\"113\" style=\"aspect-ratio: auto 1500 \/ 1043;\"><\/span><\/a><a href=\"https:\/\/elektroharamia.propagujsa.sk\/en\/trafostanice-s-vonkajsim-ovladanim\/\" rel=\"\"><\/p>\n<p style=\"text-align: center;\">Trafostanice s vonkaj\u0161\u00edmovl\u00e1dan\u00edm<\/p>\n<p><span><img decoding=\"async\" alt=\"\" data-id=\"560\" width=\"164\" data-init-width=\"1500\" height=\"134\" data-init-height=\"1043\" title=\"EH-8-var-A-1\" loading=\"lazy\" src=\"https:\/\/elektroharamia.propagujsa.sk\/wp-content\/uploads\/2023\/12\/EH-8-var-A-1.png\" data-width=\"164\" data-height=\"134\" style=\"aspect-ratio: auto 1500 \/ 1043;\"><\/span><\/a><a href=\"https:\/\/elektroharamia.propagujsa.sk\/en\/trafostanice-podzemne\/\" rel=\"\"><\/p>\n<p style=\"text-align: center;\">Trafostanice podzemn\u00e9<\/p>\n<p><span style=\"\"><img decoding=\"async\" alt=\"\" data-id=\"628\" width=\"164\" data-init-width=\"1500\" height=\"111\" data-init-height=\"1043\" title=\"EH9-1-2\" loading=\"lazy\" src=\"https:\/\/elektroharamia.propagujsa.sk\/wp-content\/uploads\/2023\/12\/EH9-1-2.png\" data-width=\"164\" data-height=\"111\" style=\"aspect-ratio: auto 1500 \/ 1043;\" ml-d=\"0\" mt-d=\"0\"><\/span><\/a><a href=\"https:\/\/elektroharamia.propagujsa.sk\/en\/trafostanice-atypy-c\/\" rel=\"\"><\/p>\n<p style=\"text-align: center;\">Trafostanice atypy<\/p>\n<p><span><img decoding=\"async\" alt=\"\" data-id=\"951\" width=\"164\" data-init-width=\"1080\" height=\"134\" data-init-height=\"880\" title=\"EH8D-1-1\" loading=\"lazy\" src=\"https:\/\/elektroharamia.propagujsa.sk\/wp-content\/uploads\/2023\/12\/EH8D-1-1-2.png\" data-width=\"164\" data-height=\"134\" style=\"aspect-ratio: auto 1080 \/ 880;\"><\/span><\/a><a href=\"https:\/\/elektroharamia.propagujsa.sk\/en\/nn-rozvadzace-c\/\" rel=\"\"><\/p>\n<p style=\"text-align: center;\">NN rozv\u00e1dza\u010de<\/p>\n<p><span><img decoding=\"async\" alt=\"\" data-id=\"951\" width=\"164\" data-init-width=\"1080\" height=\"134\" data-init-height=\"880\" title=\"EH8D-1-1\" loading=\"lazy\" src=\"https:\/\/elektroharamia.propagujsa.sk\/wp-content\/uploads\/2023\/12\/EH8D-1-1-2.png\" data-width=\"164\" data-height=\"134\" style=\"aspect-ratio: auto 1080 \/ 880;\"><\/span><\/a><a href=\"https:\/\/elektroharamia.propagujsa.sk\/en\/kategorie\/trafostanice-s-vnutornym-ovladanim\/\" rel=\"\"><\/p>\n<p style=\"\">Trafostanice s vn\u00fatorn\u00fdm ovl\u00e1dan\u00edm<\/p>\n<p><\/a><a href=\"https:\/\/elektroharamia.propagujsa.sk\/en\/kategorie\/trafostanice-s-vonkajsim-ovladanim\/\" rel=\"\"><\/p>\n<p style=\"\">Trafostanice s vonkaj\u0161\u00edm ovl\u00e1dan\u00edm<\/p>\n<p><\/a><a href=\"https:\/\/elektroharamia.propagujsa.sk\/en\/kategorie\/trafostanice-podzemne\/\" rel=\"\"><\/p>\n<p style=\"\">Trafostanice podzemn\u00e9<\/p>\n<p><\/a><a href=\"https:\/\/elektroharamia.propagujsa.sk\/en\/kategorie\/trafostanice-atypy-c\/\" rel=\"\"><\/p>\n<p style=\"\">Trafostanice atypy<\/p>\n<p><\/a><a href=\"https:\/\/elektroharamia.propagujsa.sk\/en\/kategorie\/nn-rozvadzace-c\/\" rel=\"\"><\/p>\n<p style=\"\">NN rozv\u00e1dza\u010de<\/p>\n<p><\/a><\/p>\n<h2 style=\"\">Trafostanice s vn\u00fatorn\u00fdm ovl\u00e1dan\u00edm<\/h2>\n<p><a href=\"https:\/\/elektroharamia.propagujsa.sk\/en\/trafostanica-eh1\/\" rel=\"\" style=\"\"><span><img decoding=\"async\" alt=\"\" data-id=\"89\" width=\"200\" data-init-width=\"380\" height=\"191\" data-init-height=\"362\" title=\"trafovnut_small\" loading=\"lazy\" src=\"https:\/\/elektroharamia.propagujsa.sk\/wp-content\/uploads\/2023\/07\/trafovnut_small.jpg\" data-width=\"200\" data-height=\"191\" style=\"aspect-ratio: auto 380 \/ 362;\"><\/span><\/p>\n<p style=\"text-align: center;\">Trafostanica EH1<\/p>\n<p style=\"text-align: center;\">Va\u010d\u0161ia nadzemn\u00e1 stanicaP\u00f4dorysn\u00fd rozmer: 4910 x 2830 mmTrafo max 1250kVa (1600kVa)<\/p>\n<p style=\"\">Viac o produkte<\/p>\n<p><span data-id=\"icon-asset-choose-copy\" style=\"\"><\/span><\/a><a href=\"https:\/\/elektroharamia.propagujsa.sk\/en\/trafostanica-eh1-a\/\" rel=\"\"><span style=\"\"><img decoding=\"async\" alt=\"\" data-id=\"502\" width=\"235\" data-init-width=\"1500\" height=\"191\" data-init-height=\"1043\" title=\"EH1-A\" loading=\"lazy\" src=\"https:\/\/elektroharamia.propagujsa.sk\/wp-content\/uploads\/2023\/12\/EH1-A.png\" data-width=\"235\" data-height=\"191\" style=\"aspect-ratio: auto 1500 \/ 1043;\" mt-d=\"0\" ml-d=\"0\" center-h-d=\"false\"><\/span><\/p>\n<p style=\"text-align: center;\">Trafostanica EH1.A<\/p>\n<p style=\"text-align: center;\">Va\u010d\u0161ia nadzemn\u00e1 stanicaP\u00f4dorysn\u00fd rozmer: 4910 x 2830 mmTrafo max 1250kVa (1600kVa)<\/p>\n<p style=\"\">Viac o produkte<\/p>\n<p><span data-id=\"icon-asset-choose-copy\" style=\"\"><\/span><\/a><a href=\"https:\/\/elektroharamia.propagujsa.sk\/en\/trafostanica-eh2\/\" rel=\"\"><span><img decoding=\"async\" alt=\"\" data-id=\"511\" width=\"275\" data-init-width=\"1500\" height=\"191\" data-init-height=\"1043\" title=\"EH2-1\" loading=\"lazy\" src=\"https:\/\/elektroharamia.propagujsa.sk\/wp-content\/uploads\/2023\/12\/EH2-1.png\" data-width=\"275\" data-height=\"191\" style=\"aspect-ratio: auto 1500 \/ 1043;\"><\/span><\/p>\n<p style=\"text-align: center;\">Trafostanica EH2<\/p>\n<p style=\"text-align: center;\">Viacskeletov\u00e1 nadzemn\u00e1 stanicaP\u00f4dorysn\u00fd rozmer: 5660 x 4910 mmTrafo max 2x1600kVa<\/p>\n<p style=\"\">Viac o produkte<\/p>\n<p><span data-id=\"icon-asset-choose-copy\" style=\"\"><\/span><\/a><a href=\"https:\/\/elektroharamia.propagujsa.sk\/en\/trafostanica-eh3\/\" rel=\"\"><span><img decoding=\"async\" alt=\"\" data-id=\"521\" width=\"275\" data-init-width=\"1500\" height=\"191\" data-init-height=\"1043\" title=\"EH3-1\" loading=\"lazy\" src=\"https:\/\/elektroharamia.propagujsa.sk\/wp-content\/uploads\/2023\/12\/EH3-1.png\" data-width=\"275\" data-height=\"191\" style=\"aspect-ratio: auto 1500 \/ 1043;\"><\/span><\/p>\n<p style=\"text-align: center;\">Trafostanica EH3<\/p>\n<p style=\"text-align: center;\">Va\u010d\u0161ia nadzemn\u00e1 stanicaP\u00f4dorysn\u00fd rozmer: 4910 x 2830 mmTrafo max 1250kVa (1600kVa)<\/p>\n<p style=\"\">Viac o produkte<\/p>\n<p><span data-id=\"icon-asset-choose-copy\" style=\"\"><\/span><\/a><a href=\"https:\/\/elektroharamia.propagujsa.sk\/en\/trafostanica-eh4\/\" rel=\"\"><span><img decoding=\"async\" alt=\"\" data-id=\"528\" width=\"275\" data-init-width=\"1500\" height=\"191\" data-init-height=\"1043\" title=\"EH4-1\" loading=\"lazy\" src=\"https:\/\/elektroharamia.propagujsa.sk\/wp-content\/uploads\/2023\/12\/EH4-1.png\" data-width=\"275\" data-height=\"191\" style=\"aspect-ratio: auto 1500 \/ 1043;\"><\/span><\/p>\n<p style=\"text-align: center;\">Trafostanica EH4<\/p>\n<p style=\"text-align: center;\">Men\u0161ia nadzemn\u00e1 stanicaP\u00f4dorysn\u00fd rozmer: 3200 x 2710 mmTrafo max 630kVa (1000kVa)<\/p>\n<p style=\"\">Viac o produkte<\/p>\n<p><span data-id=\"icon-asset-choose-copy\" style=\"\"><\/span><\/a><a href=\"https:\/\/elektroharamia.propagujsa.sk\/en\/trafostanica-eh5\/\" rel=\"\"><span><img decoding=\"async\" alt=\"\" data-id=\"536\" width=\"275\" data-init-width=\"1500\" height=\"191\" data-init-height=\"1043\" title=\"EH5-1\" loading=\"lazy\" src=\"https:\/\/elektroharamia.propagujsa.sk\/wp-content\/uploads\/2023\/12\/EH5-1.png\" data-width=\"275\" data-height=\"191\" style=\"aspect-ratio: auto 1500 \/ 1043;\"><\/span><\/p>\n<p style=\"text-align: center;\">Trafostanica EH5<\/p>\n<p style=\"text-align: center;\">Va\u010d\u0161ia nadzemn\u00e1 stanicaP\u00f4dorysn\u00fd rozmer: 4910 x 2830 mmTrafo max 2x630kVa (2x1000kVa)<\/p>\n<p style=\"\">Viac o produkte<\/p>\n<p><span data-id=\"icon-asset-choose-copy\" style=\"\"><\/span><\/a><a href=\"https:\/\/elektroharamia.propagujsa.sk\/en\/trafostanica-eh6\/\" rel=\"\"><span><img decoding=\"async\" alt=\"\" data-id=\"543\" width=\"275\" data-init-width=\"1500\" height=\"191\" data-init-height=\"1043\" title=\"EH6-1\" loading=\"lazy\" src=\"https:\/\/elektroharamia.propagujsa.sk\/wp-content\/uploads\/2023\/12\/EH6-1.png\" data-width=\"275\" data-height=\"191\" style=\"aspect-ratio: auto 1500 \/ 1043;\"><\/span><\/p>\n<p style=\"text-align: center;\">Trafostanica EH6<\/p>\n<p style=\"text-align: center;\">Men\u0161ia nadzemn\u00e1 stanicaP\u00f4dorysn\u00fd rozmer: 3200 x 2710 mmTrafo max 630kVa (1000kVa)<\/p>\n<p style=\"\">Viac o produkte<\/p>\n<p><span data-id=\"icon-asset-choose-copy\" style=\"\"><\/span><\/a><a href=\"https:\/\/elektroharamia.propagujsa.sk\/en\/trafostanica-eh7\/\" rel=\"\"><span><img decoding=\"async\" alt=\"\" data-id=\"553\" width=\"275\" data-init-width=\"1500\" height=\"191\" data-init-height=\"1043\" title=\"EH7-1\" loading=\"lazy\" src=\"https:\/\/elektroharamia.propagujsa.sk\/wp-content\/uploads\/2023\/12\/EH7-1.png\" data-width=\"275\" data-height=\"191\" style=\"aspect-ratio: auto 1500 \/ 1043;\"><\/span><\/p>\n<p style=\"text-align: center;\">Trafostanica EH7<\/p>\n<p style=\"text-align: center;\">Men\u0161ia plechov\u00e1 nadzemn\u00e1 stanicaP\u00f4dorysn\u00fd rozmer: 3000 x 2430 mmTrafo max 630kVa (1000kVa)<\/p>\n<p style=\"\">Viac o produkte<\/p>\n<p><span data-id=\"icon-asset-choose-copy\" style=\"\"><\/span><\/a><\/p>","protected":false},"excerpt":{"rendered":"<p>Trafostanice s vn\u00fatorn\u00fdm ovl\u00e1dan\u00edm Trafostanice s vonkaj\u0161\u00edmovl\u00e1dan\u00edm Trafostanice podzemn\u00e9 Trafostanice atypy NN rozv\u00e1dza\u010de Trafostanice s vn\u00fatorn\u00fdm ovl\u00e1dan\u00edm Trafostanice s vonkaj\u0161\u00edm ovl\u00e1dan\u00edm Trafostanice podzemn\u00e9 Trafostanice atypy NN rozv\u00e1dza\u010de Trafostanice s vn\u00fatorn\u00fdm ovl\u00e1dan\u00edm Trafostanica EH1 Va\u010d\u0161ia nadzemn\u00e1 stanicaP\u00f4dorysn\u00fd rozmer: 4910 x 2830 mmTrafo max 1250kVa (1600kVa) Viac o produkte Trafostanica EH1.A Va\u010d\u0161ia nadzemn\u00e1 stanicaP\u00f4dorysn\u00fd rozmer: 4910 x [&hellip;]<\/p>","protected":false},"author":4,"featured_media":0,"parent":441,"menu_order":0,"comment_status":"closed","ping_status":"closed","template":"","meta":{"_acf_changed":false,"footnotes":""},"class_list":["post-697","page","type-page","status-publish","hentry","post-wrapper","thrv_wrapper"],"acf":[],"_links":{"self":[{"href":"https:\/\/elektroharamia.propagujsa.sk\/en\/wp-json\/wp\/v2\/pages\/697","targetHints":{"allow":["GET"]}}],"collection":[{"href":"https:\/\/elektroharamia.propagujsa.sk\/en\/wp-json\/wp\/v2\/pages"}],"about":[{"href":"https:\/\/elektroharamia.propagujsa.sk\/en\/wp-json\/wp\/v2\/types\/page"}],"author":[{"embeddable":true,"href":"https:\/\/elektroharamia.propagujsa.sk\/en\/wp-json\/wp\/v2\/users\/4"}],"replies":[{"embeddable":true,"href":"https:\/\/elektroharamia.propagujsa.sk\/en\/wp-json\/wp\/v2\/comments?post=697"}],"version-history":[{"count":6,"href":"https:\/\/elektroharamia.propagujsa.sk\/en\/wp-json\/wp\/v2\/pages\/697\/revisions"}],"predecessor-version":[{"id":1045,"href":"https:\/\/elektroharamia.propagujsa.sk\/en\/wp-json\/wp\/v2\/pages\/697\/revisions\/1045"}],"up":[{"embeddable":true,"href":"https:\/\/elektroharamia.propagujsa.sk\/en\/wp-json\/wp\/v2\/pages\/441"}],"wp:attachment":[{"href":"https:\/\/elektroharamia.propagujsa.sk\/en\/wp-json\/wp\/v2\/media?parent=697"}],"curies":[{"name":"wp","href":"https:\/\/api.w.org\/{rel}","templated":true}]}}