{"id":640,"date":"2023-12-07T18:33:13","date_gmt":"2023-12-07T16:33:13","guid":{"rendered":"https:\/\/elektroharamia.propagujsa.sk\/?page_id=640"},"modified":"2023-12-16T19:49:55","modified_gmt":"2023-12-16T17:49:55","slug":"trafostanice-atypy","status":"publish","type":"page","link":"https:\/\/elektroharamia.propagujsa.sk\/en\/trafostanice-atypy\/","title":{"rendered":"Trafostanice atypy"},"content":{"rendered":"<h1>Trafostanice atypy <span><\/span><\/h1>\n<p style=\"\">Lorem ipsum dolor sit amet, consectetur adipiscing elit. Nullam tincidunt auctor mattis. Cras sagittis malesuada erat non aliquet. Ut molestie ex vitae dapibus varius.<\/p>\n<p><span><img decoding=\"async\" alt=\"\" data-id=\"607\" width=\"466\" data-init-width=\"1500\" height=\"324\" data-init-height=\"1043\" title=\"EH8D-1-1\" loading=\"lazy\" src=\"https:\/\/elektroharamia.propagujsa.sk\/wp-content\/uploads\/2023\/12\/EH8D-1-1.png\" data-width=\"466\" data-height=\"324\" style=\"aspect-ratio: auto 1500 \/ 1043;\"><\/span><\/p>\n<h2 style=\"text-align: left;\">&nbsp; &nbsp; Z\u00e1kladn\u00e9 technick\u00e9 \u00fadaje<\/h2>\n<p>Lorem ipsum dolor sit amet, consectetur adipiscing elit.Nullam tincidunt auctor mattis.Cras sagittis malesuada erat non aliquet. Ut molestie ex vitae dapibus varius. Proin feugiat, quam quis placerat vehicula, ipsum sapien fermentum felis, rutrum pellentesque nisl lorem eu mauris. Praesent nec semper neque, a gravida sem. In tempus vitae nibh eu volutpat. Maecenas vel odio bibendum, laoreet metus et, sagittis nulla. Maecenas vestibulum pulvinar lacus sit amet facilisis. Donec lobortis ac ante eget dignissim.Lorem ipsum dolor sit amet, consectetur adipiscing elit. Nullam tincidunt auctor mattis. Cras sagittis malesuada erat non aliquet. Ut molestie ex vitae dapibus varius.<\/p>\n<p><span><img decoding=\"async\" alt=\"\" data-id=\"642\" width=\"533\" data-init-width=\"820\" height=\"388\" data-init-height=\"598\" title=\"EH8D1FINAL0509\" loading=\"lazy\" src=\"https:\/\/elektroharamia.propagujsa.sk\/wp-content\/uploads\/2023\/12\/EH8D1FINAL0509-1.png\" data-width=\"533\" data-height=\"388\" style=\"aspect-ratio: auto 820 \/ 598;\"><\/span><\/p>","protected":false},"excerpt":{"rendered":"<p>Trafostanice atypy Lorem ipsum dolor sit amet, consectetur adipiscing elit. Nullam tincidunt auctor mattis. Cras sagittis malesuada erat non aliquet. Ut molestie ex vitae dapibus varius. &nbsp; &nbsp; Z\u00e1kladn\u00e9 technick\u00e9 \u00fadaje Lorem ipsum dolor sit amet, consectetur adipiscing elit.Nullam tincidunt auctor mattis.Cras sagittis malesuada erat non aliquet. Ut molestie ex vitae dapibus varius. Proin feugiat, [&hellip;]<\/p>","protected":false},"author":3,"featured_media":0,"parent":0,"menu_order":0,"comment_status":"closed","ping_status":"closed","template":"","meta":{"_acf_changed":false,"footnotes":""},"class_list":["post-640","page","type-page","status-publish","hentry","post-wrapper","thrv_wrapper"],"acf":[],"_links":{"self":[{"href":"https:\/\/elektroharamia.propagujsa.sk\/en\/wp-json\/wp\/v2\/pages\/640","targetHints":{"allow":["GET"]}}],"collection":[{"href":"https:\/\/elektroharamia.propagujsa.sk\/en\/wp-json\/wp\/v2\/pages"}],"about":[{"href":"https:\/\/elektroharamia.propagujsa.sk\/en\/wp-json\/wp\/v2\/types\/page"}],"author":[{"embeddable":true,"href":"https:\/\/elektroharamia.propagujsa.sk\/en\/wp-json\/wp\/v2\/users\/3"}],"replies":[{"embeddable":true,"href":"https:\/\/elektroharamia.propagujsa.sk\/en\/wp-json\/wp\/v2\/comments?post=640"}],"version-history":[{"count":5,"href":"https:\/\/elektroharamia.propagujsa.sk\/en\/wp-json\/wp\/v2\/pages\/640\/revisions"}],"predecessor-version":[{"id":1026,"href":"https:\/\/elektroharamia.propagujsa.sk\/en\/wp-json\/wp\/v2\/pages\/640\/revisions\/1026"}],"wp:attachment":[{"href":"https:\/\/elektroharamia.propagujsa.sk\/en\/wp-json\/wp\/v2\/media?parent=640"}],"curies":[{"name":"wp","href":"https:\/\/api.w.org\/{rel}","templated":true}]}}