{"id":623,"date":"2023-12-07T18:26:05","date_gmt":"2023-12-07T16:26:05","guid":{"rendered":"https:\/\/elektroharamia.propagujsa.sk\/?page_id=623"},"modified":"2023-12-16T19:49:19","modified_gmt":"2023-12-16T17:49:19","slug":"trafostanica-eh9-1","status":"publish","type":"page","link":"https:\/\/elektroharamia.propagujsa.sk\/en\/trafostanica-eh9-1\/","title":{"rendered":"Trafostanica EH9.1"},"content":{"rendered":"<h1>Trafostanica <span>EH9.1<\/span><\/h1>\n<p style=\"\">Podzemn\u00e1 transforma\u010dn\u00e1 stanica obsluhovate\u013en\u00e1 z vn\u00fatornej strany. \u017delezobet\u00f3nov\u00fd skelet. Mont\u00e1\u017e alebo v\u00fdmenu pr\u00edstrojovej \u010dasti trafostanice je mo\u017en\u00e9 realizova\u0165 iba cez odn\u00edmate\u013en\u00fd oce\u013eov\u00fd kryt v stre\u0161nej \u010dasti trafostanice.<\/p>\n<p><span><img decoding=\"async\" alt=\"\" data-id=\"954\" width=\"466\" data-init-width=\"1300\" height=\"324\" data-init-height=\"880\" title=\"EH9-1-2\" loading=\"lazy\" src=\"https:\/\/elektroharamia.propagujsa.sk\/wp-content\/uploads\/2023\/12\/EH9-1-2.png\" data-width=\"466\" data-height=\"324\" style=\"aspect-ratio: auto 1300 \/ 880;\"><\/span><\/p>\n<h2 style=\"text-align: left;\">&nbsp; &nbsp; Z\u00e1kladn\u00e9 technick\u00e9 \u00fadaje<\/h2>\n<p><strong>Vonkaj\u0161ia d\u013a\u017eka:<\/strong> 6.500 mm<strong>Vonkaj\u0161ia \u0161\u00edrka:<\/strong> 3.000 mm<strong>H\u013abka zapustenia do zeme:<\/strong> 700 mm<strong>Celkov\u00e1 v\u00fd\u0161ka:<\/strong> 3.610 mm<strong>Celkov\u00e1 v\u00e1ha (bez pr\u00edstrojov):<\/strong> cca 41 t<strong>Vn\u00fatorn\u00fd objem:<\/strong> cca 40.5 m3<strong>Zastavan\u00e1 plocha:<\/strong> cca 19.5 m2<strong>Max. ve\u013ekost transform\u00e1tora:<\/strong> do 1600 kVA<strong>Celkov\u00fd objem \u017eelezobet\u00f3novej-olejovej vane:<\/strong>cca 3,75 m3 (2,5 x 2,5 x 0,6 m)<strong>VN-rozv\u00e1dza\u010d:<\/strong> modul\u00e1rny, kompaktn\u00fd (min. 3 polia)<strong>NN-rozv\u00e1dza\u010d:<\/strong> 8 ks a viac poistkov\u00fdch odp\u00edna\u010dov do 400 AVstup do trafostanice je zabezpe\u010den\u00fd cez poklop zabudovan\u00fd do vodotesn\u00e9ho, odn\u00edmate\u013en\u00e9ho krytu z oce\u013eov\u00fdch profilov s rozmermi 2,20 x 1,25m (d\u013a\u017eka a \u0161\u00edrka)Vetranie podzemnej trafostanice je realizovan\u00e9 cez dve vetracie \u0161achty s celohlin\u00edkov\u00fdmi krytmi osaden\u00fdmi v sten\u00e1ch<\/p>\n<p><span><img decoding=\"async\" alt=\"\" data-id=\"627\" width=\"533\" data-init-width=\"820\" height=\"388\" data-init-height=\"598\" title=\"EH9.1FINAL0509oprava\" loading=\"lazy\" src=\"https:\/\/elektroharamia.propagujsa.sk\/wp-content\/uploads\/2023\/12\/EH9.1FINAL0509oprava.png\" data-width=\"533\" data-height=\"388\" style=\"aspect-ratio: auto 820 \/ 598;\"><\/span><\/p>","protected":false},"excerpt":{"rendered":"<p>Trafostanica EH9.1 Podzemn\u00e1 transforma\u010dn\u00e1 stanica obsluhovate\u013en\u00e1 z vn\u00fatornej strany. \u017delezobet\u00f3nov\u00fd skelet. Mont\u00e1\u017e alebo v\u00fdmenu pr\u00edstrojovej \u010dasti trafostanice je mo\u017en\u00e9 realizova\u0165 iba cez odn\u00edmate\u013en\u00fd oce\u013eov\u00fd kryt v stre\u0161nej \u010dasti trafostanice. &nbsp; &nbsp; Z\u00e1kladn\u00e9 technick\u00e9 \u00fadaje Vonkaj\u0161ia d\u013a\u017eka: 6.500 mmVonkaj\u0161ia \u0161\u00edrka: 3.000 mmH\u013abka zapustenia do zeme: 700 mmCelkov\u00e1 v\u00fd\u0161ka: 3.610 mmCelkov\u00e1 v\u00e1ha (bez pr\u00edstrojov): cca 41 tVn\u00fatorn\u00fd [&hellip;]<\/p>","protected":false},"author":3,"featured_media":0,"parent":0,"menu_order":0,"comment_status":"closed","ping_status":"closed","template":"","meta":{"_acf_changed":false,"footnotes":""},"class_list":["post-623","page","type-page","status-publish","hentry","post-wrapper","thrv_wrapper"],"acf":[],"_links":{"self":[{"href":"https:\/\/elektroharamia.propagujsa.sk\/en\/wp-json\/wp\/v2\/pages\/623","targetHints":{"allow":["GET"]}}],"collection":[{"href":"https:\/\/elektroharamia.propagujsa.sk\/en\/wp-json\/wp\/v2\/pages"}],"about":[{"href":"https:\/\/elektroharamia.propagujsa.sk\/en\/wp-json\/wp\/v2\/types\/page"}],"author":[{"embeddable":true,"href":"https:\/\/elektroharamia.propagujsa.sk\/en\/wp-json\/wp\/v2\/users\/3"}],"replies":[{"embeddable":true,"href":"https:\/\/elektroharamia.propagujsa.sk\/en\/wp-json\/wp\/v2\/comments?post=623"}],"version-history":[{"count":5,"href":"https:\/\/elektroharamia.propagujsa.sk\/en\/wp-json\/wp\/v2\/pages\/623\/revisions"}],"predecessor-version":[{"id":1024,"href":"https:\/\/elektroharamia.propagujsa.sk\/en\/wp-json\/wp\/v2\/pages\/623\/revisions\/1024"}],"wp:attachment":[{"href":"https:\/\/elektroharamia.propagujsa.sk\/en\/wp-json\/wp\/v2\/media?parent=623"}],"curies":[{"name":"wp","href":"https:\/\/api.w.org\/{rel}","templated":true}]}}