{"id":612,"date":"2023-12-07T18:14:55","date_gmt":"2023-12-07T16:14:55","guid":{"rendered":"https:\/\/elektroharamia.propagujsa.sk\/?page_id=612"},"modified":"2023-12-18T16:00:11","modified_gmt":"2023-12-18T14:00:11","slug":"trafostanica-eh8-box","status":"publish","type":"page","link":"https:\/\/elektroharamia.propagujsa.sk\/en\/trafostanica-eh8-box\/","title":{"rendered":"Trafostanica EH8 BOX"},"content":{"rendered":"<h1>Trafostanica&nbsp;<span style=\"font-size: 65px !important;\">EH8 BOX<\/span><\/h1>\n<h1 style=\"\">Trafostanica&nbsp;<span style=\"font-size: 65px !important;\">EH8 BOX<\/span><\/h1>\n<p style=\"\">Mont\u00e1\u017e alebo v\u00fdmenu pr\u00edstrojovej \u010dasti trafostanice je mo\u017en\u00e9 realizova\u0165 po zdvihnut\u00ed odn\u00edmate\u013enej strechy auto\u017eeriavom.<\/p>\n<p><span><img decoding=\"async\" alt=\"\" data-id=\"952\" width=\"423\" data-init-width=\"1080\" height=\"294\" data-init-height=\"880\" title=\"EH8Box-1\" loading=\"lazy\" src=\"https:\/\/elektroharamia.propagujsa.sk\/wp-content\/uploads\/2023\/12\/EH8Box-1.png\" data-width=\"423\" data-height=\"294\" style=\"aspect-ratio: auto 1080 \/ 880;\"><\/span><\/p>\n<h2 style=\"text-align: left;\">&nbsp; &nbsp; Z\u00e1kladn\u00e9 technick\u00e9 \u00fadaje<\/h2><\/p>","protected":false},"excerpt":{"rendered":"<p>Trafostanica&nbsp;EH8 BOX Trafostanica&nbsp;EH8 BOX Mont\u00e1\u017e alebo v\u00fdmenu pr\u00edstrojovej \u010dasti trafostanice je mo\u017en\u00e9 realizova\u0165 po zdvihnut\u00ed odn\u00edmate\u013enej strechy auto\u017eeriavom. &nbsp; &nbsp; Z\u00e1kladn\u00e9 technick\u00e9 \u00fadaje<\/p>","protected":false},"author":3,"featured_media":0,"parent":0,"menu_order":0,"comment_status":"closed","ping_status":"closed","template":"","meta":{"_acf_changed":false,"footnotes":""},"class_list":["post-612","page","type-page","status-publish","hentry","post-wrapper","thrv_wrapper"],"acf":[],"_links":{"self":[{"href":"https:\/\/elektroharamia.propagujsa.sk\/en\/wp-json\/wp\/v2\/pages\/612","targetHints":{"allow":["GET"]}}],"collection":[{"href":"https:\/\/elektroharamia.propagujsa.sk\/en\/wp-json\/wp\/v2\/pages"}],"about":[{"href":"https:\/\/elektroharamia.propagujsa.sk\/en\/wp-json\/wp\/v2\/types\/page"}],"author":[{"embeddable":true,"href":"https:\/\/elektroharamia.propagujsa.sk\/en\/wp-json\/wp\/v2\/users\/3"}],"replies":[{"embeddable":true,"href":"https:\/\/elektroharamia.propagujsa.sk\/en\/wp-json\/wp\/v2\/comments?post=612"}],"version-history":[{"count":5,"href":"https:\/\/elektroharamia.propagujsa.sk\/en\/wp-json\/wp\/v2\/pages\/612\/revisions"}],"predecessor-version":[{"id":1088,"href":"https:\/\/elektroharamia.propagujsa.sk\/en\/wp-json\/wp\/v2\/pages\/612\/revisions\/1088"}],"wp:attachment":[{"href":"https:\/\/elektroharamia.propagujsa.sk\/en\/wp-json\/wp\/v2\/media?parent=612"}],"curies":[{"name":"wp","href":"https:\/\/api.w.org\/{rel}","templated":true}]}}