{"id":581,"date":"2023-12-07T16:49:02","date_gmt":"2023-12-07T14:49:02","guid":{"rendered":"https:\/\/elektroharamia.propagujsa.sk\/?page_id=581"},"modified":"2023-12-18T15:52:42","modified_gmt":"2023-12-18T13:52:42","slug":"trafostanica-eh8a","status":"publish","type":"page","link":"https:\/\/elektroharamia.propagujsa.sk\/en\/trafostanica-eh8a\/","title":{"rendered":"Trafostanica EH8A"},"content":{"rendered":"<h1>Trafostanica <span>EH8A<\/span><\/h1>\n<p style=\"\">N\u00edzka, dvojit\u00e1, kompaktn\u00e1, polozapusten\u00e1 transforma\u010dn\u00e1 stanica obsluhovate\u013en\u00e1 z vonkaj\u0161ej strany. \u017delezobet\u00f3nov\u00fd skelet.Mont\u00e1\u017e alebo v\u00fdmenu pr\u00edstrojovej \u010dasti trafostanice je mo\u017en\u00e9 realizova\u0165 po zdvihnut\u00ed odn\u00edmate\u013enej strechy auto\u017eeriavom.<\/p>\n<p><span><img decoding=\"async\" alt=\"\" data-id=\"933\" width=\"466\" data-init-width=\"1080\" height=\"380\" data-init-height=\"880\" title=\"EH8A-1\" loading=\"lazy\" src=\"https:\/\/elektroharamia.propagujsa.sk\/wp-content\/uploads\/2023\/12\/EH8A-1-1.png\" data-width=\"466\" data-height=\"380\" style=\"aspect-ratio: auto 1080 \/ 880;\"><\/span><\/p>\n<h2 style=\"text-align: left;\">&nbsp; &nbsp; Z\u00e1kladn\u00e9 technick\u00e9 \u00fadaje<\/h2>\n<p><strong>Vonkaj\u0161ia d\u013a\u017eka:<\/strong> 4.600 mm<strong>Vonkaj\u0161ia \u0161\u00edrka:<\/strong> 1.900 mm<strong>V\u00fd\u0161ka (od okolit\u00e9ho ter\u00e9nu):<\/strong> cca 2.000 mm<strong>H\u013abka zapustenia do zeme:<\/strong> 600 mm<strong>Celkov\u00e1 v\u00fd\u0161ka:<\/strong> 2.600 mm<strong>Celkov\u00e1 v\u00e1ha (bez pr\u00edstrojov):<\/strong> cca 11.5 t<strong>Vn\u00fatorn\u00fd objem:<\/strong> cca 16.8 m3<strong>Zastavan\u00e1 plocha:<\/strong> cca 8.55 m2<strong>Max. ve\u013ekost transform\u00e1tora:<\/strong> do 2 x 630 kVA<strong>Celkov\u00fd objem \u017eelezobet\u00f3novej-olejovej vane:&nbsp;<\/strong>cca 2 x 0,55 m3 (1,7 x 1,3 x 0,25 m)<strong>VN-rozv\u00e1dza\u010d:<\/strong> kompaktn\u00fd (max. 4 polia)<strong>NN-rozv\u00e1dza\u010d:<\/strong> max. 2 x 6 ks poistkov\u00fdch odp\u00edna\u010dov do 400 A2 kusy dvojkr\u00eddlov\u00fdch, celohlin\u00edkov\u00fdch dver\u00ed (cca 1540 x 1140 mm) s vetracou mre\u017eou v hornej \u010dasti, s cylindrick\u00fdm z\u00e1mkom2 kusy celohlin\u00edkov\u00fdch dver\u00ed (760 x 1140 mm)s vetracou mre\u017eou po celej ploche dver\u00ed, s cylindrick\u00fdm z\u00e1mkom<\/p>\n<p><span><img decoding=\"async\" alt=\"\" data-id=\"585\" width=\"533\" data-init-width=\"820\" height=\"388\" data-init-height=\"598\" title=\"EH8AFINAL2109\" loading=\"lazy\" src=\"https:\/\/elektroharamia.propagujsa.sk\/wp-content\/uploads\/2023\/12\/EH8AFINAL2109.png\" data-width=\"533\" data-height=\"388\" style=\"aspect-ratio: auto 820 \/ 598;\"><\/span><\/p>","protected":false},"excerpt":{"rendered":"<p>Trafostanica EH8A N\u00edzka, dvojit\u00e1, kompaktn\u00e1, polozapusten\u00e1 transforma\u010dn\u00e1 stanica obsluhovate\u013en\u00e1 z vonkaj\u0161ej strany. \u017delezobet\u00f3nov\u00fd skelet.Mont\u00e1\u017e alebo v\u00fdmenu pr\u00edstrojovej \u010dasti trafostanice je mo\u017en\u00e9 realizova\u0165 po zdvihnut\u00ed odn\u00edmate\u013enej strechy auto\u017eeriavom. &nbsp; &nbsp; Z\u00e1kladn\u00e9 technick\u00e9 \u00fadaje Vonkaj\u0161ia d\u013a\u017eka: 4.600 mmVonkaj\u0161ia \u0161\u00edrka: 1.900 mmV\u00fd\u0161ka (od okolit\u00e9ho ter\u00e9nu): cca 2.000 mmH\u013abka zapustenia do zeme: 600 mmCelkov\u00e1 v\u00fd\u0161ka: 2.600 mmCelkov\u00e1 v\u00e1ha (bez [&hellip;]<\/p>","protected":false},"author":3,"featured_media":0,"parent":0,"menu_order":0,"comment_status":"closed","ping_status":"closed","template":"","meta":{"_acf_changed":false,"footnotes":""},"class_list":["post-581","page","type-page","status-publish","hentry","post-wrapper","thrv_wrapper"],"acf":[],"_links":{"self":[{"href":"https:\/\/elektroharamia.propagujsa.sk\/en\/wp-json\/wp\/v2\/pages\/581","targetHints":{"allow":["GET"]}}],"collection":[{"href":"https:\/\/elektroharamia.propagujsa.sk\/en\/wp-json\/wp\/v2\/pages"}],"about":[{"href":"https:\/\/elektroharamia.propagujsa.sk\/en\/wp-json\/wp\/v2\/types\/page"}],"author":[{"embeddable":true,"href":"https:\/\/elektroharamia.propagujsa.sk\/en\/wp-json\/wp\/v2\/users\/3"}],"replies":[{"embeddable":true,"href":"https:\/\/elektroharamia.propagujsa.sk\/en\/wp-json\/wp\/v2\/comments?post=581"}],"version-history":[{"count":5,"href":"https:\/\/elektroharamia.propagujsa.sk\/en\/wp-json\/wp\/v2\/pages\/581\/revisions"}],"predecessor-version":[{"id":1077,"href":"https:\/\/elektroharamia.propagujsa.sk\/en\/wp-json\/wp\/v2\/pages\/581\/revisions\/1077"}],"wp:attachment":[{"href":"https:\/\/elektroharamia.propagujsa.sk\/en\/wp-json\/wp\/v2\/media?parent=581"}],"curies":[{"name":"wp","href":"https:\/\/api.w.org\/{rel}","templated":true}]}}