{"id":548,"date":"2023-12-07T16:07:32","date_gmt":"2023-12-07T14:07:32","guid":{"rendered":"https:\/\/elektroharamia.propagujsa.sk\/?page_id=548"},"modified":"2023-12-18T15:57:40","modified_gmt":"2023-12-18T13:57:40","slug":"trafostanica-eh7","status":"publish","type":"page","link":"https:\/\/elektroharamia.propagujsa.sk\/en\/trafostanica-eh7\/","title":{"rendered":"Trafostanica EH7"},"content":{"rendered":"<h1>Trafostanica <span>EH7<\/span><\/h1>\n<p>Men\u0161ia atypick\u00e1 nadzemn\u00e1 transforma\u010dn\u00e1 stanica obsluhovate\u013en\u00e1 z vn\u00fatornej strany. Vhodn\u00e1 hlavne pre stavebn\u00e9 \u00fa\u010dely \u2013 ako do\u010dasn\u00e1 trafostanica. Oce\u013eovo-plechov\u00fd skelet kontajnerov\u00e9ho typu (nie je zapusten\u00fd do okolit\u00e9ho ter\u00e9nu).Mont\u00e1\u017e alebo v\u00fdmenu pr\u00edstrojovej \u010dasti trafostanice je mo\u017en\u00e9 realizova\u0165 cez vstupn\u00e9 dvere (strecha nie je odn\u00edmate\u013en\u00e1).<\/p>\n<p><span><img decoding=\"async\" alt=\"\" data-id=\"908\" width=\"466\" data-init-width=\"1080\" height=\"380\" data-init-height=\"880\" title=\"EH7-1\" loading=\"lazy\" src=\"https:\/\/elektroharamia.propagujsa.sk\/wp-content\/uploads\/2023\/12\/EH7-1.png\" data-width=\"466\" data-height=\"380\" style=\"aspect-ratio: auto 1080 \/ 880;\"><\/span><\/p>\n<h2 style=\"text-align: left;\">&nbsp; &nbsp; Z\u00e1kladn\u00e9 technick\u00e9 \u00fadaje<\/h2>\n<p><strong>Vonkaj\u0161ia d\u013a\u017eka:<\/strong> 2.990 mm<strong>Vonkaj\u0161ia \u0161\u00edrka:<\/strong> 2.380 mm<strong>V\u00fd\u0161ka (od okolit\u00e9ho ter\u00e9nu):<\/strong> cca 2.520 mm<strong>Celkov\u00e1 v\u00e1ha (bez pr\u00edstrojov):<\/strong> cca 2 t<strong>Vn\u00fatorn\u00fd objem:<\/strong> cca 15.8 m3<strong>Zastavan\u00e1 plocha:<\/strong> cca 7.1 m2<strong>Max. ve\u013ekost transform\u00e1tora:<\/strong> do 630 kVA, (1000 kVA)<strong>Celkov\u00fd objem olejovej vane: <\/strong>0.63 m3<strong>VN-rozv\u00e1dza\u010d:<\/strong> kompaktn\u00fd (max. 3 polia)<strong>NN-rozv\u00e1dza\u010d:<\/strong> 4 ks poistkov\u00fdch odp\u00edna\u010dov do 400 A2 kusy oce\u013eovoplechov\u00fdch dver\u00ed (cca 840 x 2000+ 1000 x 2000 mm) s vetracou mre\u017eou v dolnej \u010dasti(na dver\u00e1ch transform\u00e1torovej \u010dasti), s cylindrick\u00fdm z\u00e1mkom<\/p>\n<p><span><img decoding=\"async\" alt=\"\" data-id=\"552\" width=\"533\" data-init-width=\"820\" height=\"389\" data-init-height=\"599\" title=\"EH7FINAL0509xoprava\" loading=\"lazy\" src=\"https:\/\/elektroharamia.propagujsa.sk\/wp-content\/uploads\/2023\/12\/EH7FINAL0509xoprava.png\" data-width=\"533\" data-height=\"389\" style=\"aspect-ratio: auto 820 \/ 599;\"><\/span><\/p>","protected":false},"excerpt":{"rendered":"<p>Trafostanica EH7 Men\u0161ia atypick\u00e1 nadzemn\u00e1 transforma\u010dn\u00e1 stanica obsluhovate\u013en\u00e1 z vn\u00fatornej strany. Vhodn\u00e1 hlavne pre stavebn\u00e9 \u00fa\u010dely \u2013 ako do\u010dasn\u00e1 trafostanica. Oce\u013eovo-plechov\u00fd skelet kontajnerov\u00e9ho typu (nie je zapusten\u00fd do okolit\u00e9ho ter\u00e9nu).Mont\u00e1\u017e alebo v\u00fdmenu pr\u00edstrojovej \u010dasti trafostanice je mo\u017en\u00e9 realizova\u0165 cez vstupn\u00e9 dvere (strecha nie je odn\u00edmate\u013en\u00e1). &nbsp; &nbsp; Z\u00e1kladn\u00e9 technick\u00e9 \u00fadaje Vonkaj\u0161ia d\u013a\u017eka: 2.990 mmVonkaj\u0161ia \u0161\u00edrka: [&hellip;]<\/p>","protected":false},"author":3,"featured_media":0,"parent":0,"menu_order":0,"comment_status":"closed","ping_status":"closed","template":"","meta":{"_acf_changed":false,"footnotes":""},"class_list":["post-548","page","type-page","status-publish","hentry","post-wrapper","thrv_wrapper"],"acf":[],"_links":{"self":[{"href":"https:\/\/elektroharamia.propagujsa.sk\/en\/wp-json\/wp\/v2\/pages\/548","targetHints":{"allow":["GET"]}}],"collection":[{"href":"https:\/\/elektroharamia.propagujsa.sk\/en\/wp-json\/wp\/v2\/pages"}],"about":[{"href":"https:\/\/elektroharamia.propagujsa.sk\/en\/wp-json\/wp\/v2\/types\/page"}],"author":[{"embeddable":true,"href":"https:\/\/elektroharamia.propagujsa.sk\/en\/wp-json\/wp\/v2\/users\/3"}],"replies":[{"embeddable":true,"href":"https:\/\/elektroharamia.propagujsa.sk\/en\/wp-json\/wp\/v2\/comments?post=548"}],"version-history":[{"count":5,"href":"https:\/\/elektroharamia.propagujsa.sk\/en\/wp-json\/wp\/v2\/pages\/548\/revisions"}],"predecessor-version":[{"id":1085,"href":"https:\/\/elektroharamia.propagujsa.sk\/en\/wp-json\/wp\/v2\/pages\/548\/revisions\/1085"}],"wp:attachment":[{"href":"https:\/\/elektroharamia.propagujsa.sk\/en\/wp-json\/wp\/v2\/media?parent=548"}],"curies":[{"name":"wp","href":"https:\/\/api.w.org\/{rel}","templated":true}]}}