{"id":508,"date":"2023-12-07T15:21:14","date_gmt":"2023-12-07T13:21:14","guid":{"rendered":"https:\/\/elektroharamia.propagujsa.sk\/?page_id=508"},"modified":"2023-12-18T15:54:26","modified_gmt":"2023-12-18T13:54:26","slug":"trafostanica-eh2","status":"publish","type":"page","link":"https:\/\/elektroharamia.propagujsa.sk\/en\/trafostanica-eh2\/","title":{"rendered":"Trafostanica EH2"},"content":{"rendered":"<h1>Trafostanica <span>EH2<\/span><\/h1>\n<p style=\"\">Najv\u00e4\u010d\u0161ia nadzemn\u00e1 transforma\u010dn\u00e1 stanica obsluhovate\u013en\u00e1 z vn\u00fatornej strany. \u017delezobet\u00f3nov\u00fd skelet. Mont\u00e1\u017e alebo v\u00fdmenu pr\u00edstrojovej \u010dasti trafostanice je mo\u017en\u00e9 realizova\u0165 cez vstupn\u00e9 dvere alebo po zdvihnut\u00ed odn\u00edmate\u013enej strechy auto\u017eeriavom.<\/p>\n<p><span><img decoding=\"async\" alt=\"\" data-id=\"898\" width=\"466\" data-init-width=\"1300\" height=\"324\" data-init-height=\"880\" title=\"EH2-1\" loading=\"lazy\" src=\"https:\/\/elektroharamia.propagujsa.sk\/wp-content\/uploads\/2023\/12\/EH2-1.png\" data-width=\"466\" data-height=\"324\" style=\"aspect-ratio: auto 1300 \/ 880;\"><\/span><\/p>\n<h2 style=\"text-align: left;\">&nbsp; &nbsp; Z\u00e1kladn\u00e9 technick\u00e9 \u00fadaje<\/h2>\n<p style=\"\"><strong>Vonkaj\u0161ia d\u013a\u017eka:<\/strong> 5.660 mm<strong>Vonkaj\u0161ia \u0161\u00edrka:<\/strong> 4.910 mm<strong>V\u00fd\u0161ka (od okolit\u00e9ho ter\u00e9nu):<\/strong> cca 2.800 mm<strong>H\u013abka zapustenia do zeme:<\/strong> 700 mm<strong>Celkov\u00e1 v\u00fd\u0161ka:<\/strong> 3.500 mm<strong>Celkov\u00e1 v\u00e1ha (bez pr\u00edstrojov):<\/strong> cca 45 t<strong>Vn\u00fatorn\u00fd objem:<\/strong> cca 57.12 m3<strong>Zastavan\u00e1 plocha:<\/strong> cca 28 m2<strong>Max. ve\u013ekost transform\u00e1tora:<\/strong> do 1250 kVA, (1600 kVA)<strong>Celkov\u00fd objem \u017eelezobet\u00f3novej-olejovej vane:<\/strong>cca 2 x 4,07 m3 (2,55 x 2,28 x 0,7 m)<strong>VN-rozv\u00e1dza\u010d:<\/strong> modul\u00e1rny, kompaktn\u00fd<strong>NN-rozv\u00e1dza\u010d:<\/strong> pod\u013ea po\u017eiadaviek z\u00e1kazn\u00edka2 kusy celohlin\u00edkov\u00fdch dver\u00ed (1000 x 2000 mm) s vetracou mre\u017eou v dolnej \u010dasti, s cylindrick\u00fdm z\u00e1mkom1 kus celohlin\u00edkov\u00fdch dver\u00ed (800 x 2000 mm),s cylindrick\u00fdm z\u00e1mkom<\/p>\n<p><span><img decoding=\"async\" alt=\"\" data-id=\"513\" width=\"533\" data-init-width=\"820\" height=\"370\" data-init-height=\"569\" title=\"EH2FINAL\" loading=\"lazy\" src=\"https:\/\/elektroharamia.propagujsa.sk\/wp-content\/uploads\/2023\/12\/EH2FINAL.png\" data-width=\"533\" data-height=\"370\" style=\"aspect-ratio: auto 820 \/ 569;\"><\/span><\/p>","protected":false},"excerpt":{"rendered":"<p>Trafostanica EH2 Najv\u00e4\u010d\u0161ia nadzemn\u00e1 transforma\u010dn\u00e1 stanica obsluhovate\u013en\u00e1 z vn\u00fatornej strany. \u017delezobet\u00f3nov\u00fd skelet. Mont\u00e1\u017e alebo v\u00fdmenu pr\u00edstrojovej \u010dasti trafostanice je mo\u017en\u00e9 realizova\u0165 cez vstupn\u00e9 dvere alebo po zdvihnut\u00ed odn\u00edmate\u013enej strechy auto\u017eeriavom. &nbsp; &nbsp; Z\u00e1kladn\u00e9 technick\u00e9 \u00fadaje Vonkaj\u0161ia d\u013a\u017eka: 5.660 mmVonkaj\u0161ia \u0161\u00edrka: 4.910 mmV\u00fd\u0161ka (od okolit\u00e9ho ter\u00e9nu): cca 2.800 mmH\u013abka zapustenia do zeme: 700 mmCelkov\u00e1 v\u00fd\u0161ka: 3.500 [&hellip;]<\/p>","protected":false},"author":3,"featured_media":0,"parent":0,"menu_order":0,"comment_status":"closed","ping_status":"closed","template":"","meta":{"_acf_changed":false,"footnotes":""},"class_list":["post-508","page","type-page","status-publish","hentry","post-wrapper","thrv_wrapper"],"acf":[],"_links":{"self":[{"href":"https:\/\/elektroharamia.propagujsa.sk\/en\/wp-json\/wp\/v2\/pages\/508","targetHints":{"allow":["GET"]}}],"collection":[{"href":"https:\/\/elektroharamia.propagujsa.sk\/en\/wp-json\/wp\/v2\/pages"}],"about":[{"href":"https:\/\/elektroharamia.propagujsa.sk\/en\/wp-json\/wp\/v2\/types\/page"}],"author":[{"embeddable":true,"href":"https:\/\/elektroharamia.propagujsa.sk\/en\/wp-json\/wp\/v2\/users\/3"}],"replies":[{"embeddable":true,"href":"https:\/\/elektroharamia.propagujsa.sk\/en\/wp-json\/wp\/v2\/comments?post=508"}],"version-history":[{"count":5,"href":"https:\/\/elektroharamia.propagujsa.sk\/en\/wp-json\/wp\/v2\/pages\/508\/revisions"}],"predecessor-version":[{"id":1082,"href":"https:\/\/elektroharamia.propagujsa.sk\/en\/wp-json\/wp\/v2\/pages\/508\/revisions\/1082"}],"wp:attachment":[{"href":"https:\/\/elektroharamia.propagujsa.sk\/en\/wp-json\/wp\/v2\/media?parent=508"}],"curies":[{"name":"wp","href":"https:\/\/api.w.org\/{rel}","templated":true}]}}