{"id":499,"date":"2023-12-06T18:26:52","date_gmt":"2023-12-06T16:26:52","guid":{"rendered":"https:\/\/elektroharamia.propagujsa.sk\/?page_id=499"},"modified":"2023-12-18T15:49:34","modified_gmt":"2023-12-18T13:49:34","slug":"trafostanica-eh1-a","status":"publish","type":"page","link":"https:\/\/elektroharamia.propagujsa.sk\/en\/trafostanica-eh1-a\/","title":{"rendered":"Trafostanica EH1.A"},"content":{"rendered":"<h1><span>Trafostanica<\/span><span>EH1.A<\/span><\/h1>\n<p style=\"\">V\u00e4\u010d\u0161ia nadzemn\u00e1 transforma\u010dn\u00e1 stanica obsluhovate\u013en\u00e1 z vn\u00fatornej strany. \u017delezobet\u00f3nov\u00fd skelet. Mont\u00e1\u017e alebo v\u00fdmenu pr\u00edstrojovej \u010dasti trafostanice je mo\u017en\u00e9 realizova\u0165 cez vstupn\u00e9 dvere alebo po zdvihnut\u00ed odn\u00edmate\u013enej strechy auto\u017eeriavom.<\/p>\n<p><span><img decoding=\"async\" alt=\"\" data-id=\"893\" width=\"423\" data-init-width=\"1080\" height=\"294\" data-init-height=\"880\" title=\"EH1-A\" loading=\"lazy\" src=\"https:\/\/elektroharamia.propagujsa.sk\/wp-content\/uploads\/2023\/12\/EH1-A.png\" data-width=\"423\" data-height=\"294\" style=\"aspect-ratio: auto 1080 \/ 880;\"><\/span><\/p>\n<h2 style=\"text-align: left;\">&nbsp; &nbsp; Z\u00e1kladn\u00e9 technick\u00e9 \u00fadaje<\/h2>\n<p style=\"\"><strong>Vonkaj\u0161ia d\u013a\u017eka:<\/strong> 5.500 mm<strong>Vonkaj\u0161ia \u0161\u00edrka:<\/strong> 2.830 mm<strong>V\u00fd\u0161ka (od okolit\u00e9ho ter\u00e9nu):<\/strong> cca 2.800 mm<strong>H\u013abka zapustenia do zeme:<\/strong> 700 mm<strong>Celkov\u00e1 v\u00fd\u0161ka:<\/strong> 3.500 mm<strong>Celkov\u00e1 v\u00e1ha (bez pr\u00edstrojov):<\/strong> cca 25 t<strong>Vn\u00fatorn\u00fd objem:<\/strong> cca 32 m3<strong>Zastavan\u00e1 plocha:<\/strong> cca 15.5 m2<strong>Max. ve\u013ekost transform\u00e1tora:<\/strong> do 1250 kVA, (1600 kVA)<strong>Celkov\u00fd objem \u017eelezobet\u00f3novej-olejovej vane:<\/strong>cca 3,15 m3 (1,75 \u00d7 2,575 \u00d7 0,7 m)<strong>VN-rozv\u00e1dza\u010d:<\/strong> modul\u00e1rny, kompaktn\u00fd<strong>NN-rozv\u00e1dza\u010d:<\/strong> pod\u013ea po\u017eiadaviek z\u00e1kazn\u00edka1 kus celohlin\u00edkov\u00fdch dver\u00ed (1000 x 2000 mm)s vetracou mre\u017eou v dolnej \u010dasti, (na dver\u00e1chtransform\u00e1torovej \u010dasti), s cylindrick\u00fdm z\u00e1mkom1 kus celohlin\u00edkov\u00fdch dver\u00ed (800 x 2000 mm)<\/p>\n<p><span><img decoding=\"async\" alt=\"\" data-id=\"504\" width=\"533\" data-init-width=\"820\" height=\"390\" data-init-height=\"600\" title=\"EH1.AFINAL0509x\" loading=\"lazy\" src=\"https:\/\/elektroharamia.propagujsa.sk\/wp-content\/uploads\/2023\/12\/EH1.AFINAL0509x.png\" data-width=\"533\" data-height=\"390\" style=\"aspect-ratio: auto 820 \/ 600;\"><\/span><\/p>","protected":false},"excerpt":{"rendered":"<p>TrafostanicaEH1.A V\u00e4\u010d\u0161ia nadzemn\u00e1 transforma\u010dn\u00e1 stanica obsluhovate\u013en\u00e1 z vn\u00fatornej strany. \u017delezobet\u00f3nov\u00fd skelet. Mont\u00e1\u017e alebo v\u00fdmenu pr\u00edstrojovej \u010dasti trafostanice je mo\u017en\u00e9 realizova\u0165 cez vstupn\u00e9 dvere alebo po zdvihnut\u00ed odn\u00edmate\u013enej strechy auto\u017eeriavom. &nbsp; &nbsp; Z\u00e1kladn\u00e9 technick\u00e9 \u00fadaje Vonkaj\u0161ia d\u013a\u017eka: 5.500 mmVonkaj\u0161ia \u0161\u00edrka: 2.830 mmV\u00fd\u0161ka (od okolit\u00e9ho ter\u00e9nu): cca 2.800 mmH\u013abka zapustenia do zeme: 700 mmCelkov\u00e1 v\u00fd\u0161ka: 3.500 mmCelkov\u00e1 [&hellip;]<\/p>","protected":false},"author":3,"featured_media":0,"parent":0,"menu_order":0,"comment_status":"closed","ping_status":"closed","template":"","meta":{"_acf_changed":false,"footnotes":""},"class_list":["post-499","page","type-page","status-publish","hentry","post-wrapper","thrv_wrapper"],"acf":[],"_links":{"self":[{"href":"https:\/\/elektroharamia.propagujsa.sk\/en\/wp-json\/wp\/v2\/pages\/499","targetHints":{"allow":["GET"]}}],"collection":[{"href":"https:\/\/elektroharamia.propagujsa.sk\/en\/wp-json\/wp\/v2\/pages"}],"about":[{"href":"https:\/\/elektroharamia.propagujsa.sk\/en\/wp-json\/wp\/v2\/types\/page"}],"author":[{"embeddable":true,"href":"https:\/\/elektroharamia.propagujsa.sk\/en\/wp-json\/wp\/v2\/users\/3"}],"replies":[{"embeddable":true,"href":"https:\/\/elektroharamia.propagujsa.sk\/en\/wp-json\/wp\/v2\/comments?post=499"}],"version-history":[{"count":5,"href":"https:\/\/elektroharamia.propagujsa.sk\/en\/wp-json\/wp\/v2\/pages\/499\/revisions"}],"predecessor-version":[{"id":1071,"href":"https:\/\/elektroharamia.propagujsa.sk\/en\/wp-json\/wp\/v2\/pages\/499\/revisions\/1071"}],"wp:attachment":[{"href":"https:\/\/elektroharamia.propagujsa.sk\/en\/wp-json\/wp\/v2\/media?parent=499"}],"curies":[{"name":"wp","href":"https:\/\/api.w.org\/{rel}","templated":true}]}}