{"id":466,"date":"2023-12-03T21:57:19","date_gmt":"2023-12-03T19:57:19","guid":{"rendered":"https:\/\/elektroharamia.propagujsa.sk\/?page_id=466"},"modified":"2023-12-18T12:43:59","modified_gmt":"2023-12-18T10:43:59","slug":"referencie","status":"publish","type":"page","link":"https:\/\/elektroharamia.propagujsa.sk\/en\/referencie\/","title":{"rendered":"Referencie"},"content":{"rendered":"<h2 style=\"\">&nbsp; &nbsp;Referencie<\/h2>\n<p><span><img decoding=\"async\" alt=\"\" data-id=\"915\" width=\"350\" data-init-width=\"962\" height=\"236\" data-init-height=\"650\" title=\"ref-4\" loading=\"lazy\" src=\"https:\/\/elektroharamia.propagujsa.sk\/wp-content\/uploads\/2023\/12\/ref-4.webp\" data-width=\"350\" data-height=\"236\" style=\"aspect-ratio: auto 962 \/ 650;\"><\/span><\/p>\n<p style=\"\">\u017deliezovce<\/p>\n<p style=\"\">EH2 &#8211; Sp\u00ednacia stanica<\/p>\n<p><span><img decoding=\"async\" alt=\"\" data-id=\"916\" width=\"350\" data-init-width=\"947\" height=\"235\" data-init-height=\"637\" title=\"ref-3\" loading=\"lazy\" src=\"https:\/\/elektroharamia.propagujsa.sk\/wp-content\/uploads\/2023\/12\/ref-3.webp\" data-width=\"350\" data-height=\"235\" style=\"aspect-ratio: auto 947 \/ 637;\"><\/span><\/p>\n<p style=\"\">Nitra<\/p>\n<p style=\"\">EH2 &#8211; Priemyseln\u00fd park<\/p>\n<p><span><img decoding=\"async\" alt=\"\" data-id=\"917\" width=\"350\" data-init-width=\"975\" height=\"236\" data-init-height=\"658\" title=\"ref-2\" loading=\"lazy\" src=\"https:\/\/elektroharamia.propagujsa.sk\/wp-content\/uploads\/2023\/12\/ref-2.webp\" data-width=\"350\" data-height=\"236\" style=\"aspect-ratio: auto 975 \/ 658;\"><\/span><\/p>\n<p style=\"\">Malacky<\/p>\n<p style=\"\">EH3 &#8211; Benteler<\/p>\n<p><span><img decoding=\"async\" alt=\"\" data-id=\"918\" width=\"350\" data-init-width=\"943\" height=\"236\" data-init-height=\"637\" title=\"ref-1\" loading=\"lazy\" src=\"https:\/\/elektroharamia.propagujsa.sk\/wp-content\/uploads\/2023\/12\/ref-1.webp\" data-width=\"350\" data-height=\"236\" style=\"aspect-ratio: auto 943 \/ 637;\"><\/span><\/p>\n<p style=\"\">Dev\u00ednska Nov\u00e1 Ves<\/p>\n<p style=\"\">2x EH1 &#8211; Tesco<\/p>\n<p><span><img decoding=\"async\" alt=\"\" data-id=\"919\" width=\"350\" data-init-width=\"1000\" height=\"232\" data-init-height=\"662\" title=\"ref-5\" loading=\"lazy\" src=\"https:\/\/elektroharamia.propagujsa.sk\/wp-content\/uploads\/2023\/12\/ref-5.webp\" data-width=\"350\" data-height=\"232\" style=\"aspect-ratio: auto 1000 \/ 662;\"><\/span><\/p>\n<p style=\"\">Tren\u010d\u00edn<\/p>\n<p style=\"\">EH5 &#8211; Baumax<\/p>\n<p><span><img decoding=\"async\" alt=\"\" data-id=\"920\" width=\"350\" data-init-width=\"966\" height=\"236\" data-init-height=\"652\" title=\"ref-6\" loading=\"lazy\" src=\"https:\/\/elektroharamia.propagujsa.sk\/wp-content\/uploads\/2023\/12\/ref-6.webp\" data-width=\"350\" data-height=\"236\" style=\"aspect-ratio: auto 966 \/ 652;\"><\/span><\/p>\n<p style=\"\">Bansk\u00e1 Bystrica<\/p>\n<p style=\"\">Autovrakovisko<\/p>","protected":false},"excerpt":{"rendered":"<p>&nbsp; &nbsp;Referencie \u017deliezovce EH2 &#8211; Sp\u00ednacia stanica Nitra EH2 &#8211; Priemyseln\u00fd park Malacky EH3 &#8211; Benteler Dev\u00ednska Nov\u00e1 Ves 2x EH1 &#8211; Tesco Tren\u010d\u00edn EH5 &#8211; Baumax Bansk\u00e1 Bystrica Autovrakovisko<\/p>","protected":false},"author":4,"featured_media":0,"parent":0,"menu_order":0,"comment_status":"closed","ping_status":"closed","template":"","meta":{"_acf_changed":false,"footnotes":""},"class_list":["post-466","page","type-page","status-publish","hentry","post-wrapper","thrv_wrapper"],"acf":[],"_links":{"self":[{"href":"https:\/\/elektroharamia.propagujsa.sk\/en\/wp-json\/wp\/v2\/pages\/466","targetHints":{"allow":["GET"]}}],"collection":[{"href":"https:\/\/elektroharamia.propagujsa.sk\/en\/wp-json\/wp\/v2\/pages"}],"about":[{"href":"https:\/\/elektroharamia.propagujsa.sk\/en\/wp-json\/wp\/v2\/types\/page"}],"author":[{"embeddable":true,"href":"https:\/\/elektroharamia.propagujsa.sk\/en\/wp-json\/wp\/v2\/users\/4"}],"replies":[{"embeddable":true,"href":"https:\/\/elektroharamia.propagujsa.sk\/en\/wp-json\/wp\/v2\/comments?post=466"}],"version-history":[{"count":5,"href":"https:\/\/elektroharamia.propagujsa.sk\/en\/wp-json\/wp\/v2\/pages\/466\/revisions"}],"predecessor-version":[{"id":1050,"href":"https:\/\/elektroharamia.propagujsa.sk\/en\/wp-json\/wp\/v2\/pages\/466\/revisions\/1050"}],"wp:attachment":[{"href":"https:\/\/elektroharamia.propagujsa.sk\/en\/wp-json\/wp\/v2\/media?parent=466"}],"curies":[{"name":"wp","href":"https:\/\/api.w.org\/{rel}","templated":true}]}}