{"id":441,"date":"2023-12-02T18:16:58","date_gmt":"2023-12-02T16:16:58","guid":{"rendered":"https:\/\/elektroharamia.propagujsa.sk\/?page_id=441"},"modified":"2023-12-08T21:26:54","modified_gmt":"2023-12-08T19:26:54","slug":"kategorie","status":"publish","type":"page","link":"https:\/\/elektroharamia.propagujsa.sk\/en\/kategorie\/","title":{"rendered":"Kateg\u00f3rie"},"content":{"rendered":"<p><a href=\"https:\/\/elektroharamia.propagujsa.sk\/en\/trafostanice-s-vnutornym-ovladanim\/\" rel=\"\"><\/p>\n<p style=\"text-align: center;\">Trafostanice s vn\u00fatorn\u00fdm ovl\u00e1dan\u00edm<\/p>\n<p><span><img decoding=\"async\" alt=\"\" data-id=\"502\" width=\"164\" data-init-width=\"1500\" height=\"114\" data-init-height=\"1043\" title=\"EH1-A\" loading=\"lazy\" src=\"https:\/\/elektroharamia.propagujsa.sk\/wp-content\/uploads\/2023\/12\/EH1-A.png\" data-width=\"164\" data-height=\"114\" style=\"aspect-ratio: auto 1500 \/ 1043;\"><\/span><\/a><a href=\"https:\/\/elektroharamia.propagujsa.sk\/en\/trafostanice-s-vonkajsim-ovladanim\/\" rel=\"\"><\/p>\n<p style=\"text-align: center;\">Trafostanice s vonkaj\u0161\u00edmovl\u00e1dan\u00edm<\/p>\n<p><span><img decoding=\"async\" alt=\"\" data-id=\"560\" width=\"164\" data-init-width=\"1500\" height=\"114\" data-init-height=\"1043\" title=\"EH-8-var-A-1\" loading=\"lazy\" src=\"https:\/\/elektroharamia.propagujsa.sk\/wp-content\/uploads\/2023\/12\/EH-8-var-A-1.png\" data-width=\"164\" data-height=\"114\" style=\"aspect-ratio: auto 1500 \/ 1043;\"><\/span><\/a><a href=\"https:\/\/elektroharamia.propagujsa.sk\/en\/trafostanice-podzemne\/\" rel=\"\"><\/p>\n<p style=\"text-align: center;\">Trafostanice podzemn\u00e9<\/p>\n<p><span style=\"\"><img decoding=\"async\" alt=\"\" data-id=\"628\" width=\"164\" data-init-width=\"1500\" height=\"114\" data-init-height=\"1043\" title=\"EH9-1-2\" loading=\"lazy\" src=\"https:\/\/elektroharamia.propagujsa.sk\/wp-content\/uploads\/2023\/12\/EH9-1-2.png\" data-width=\"164\" data-height=\"114\" style=\"aspect-ratio: auto 1500 \/ 1043;\" ml-d=\"0\" mt-d=\"0\"><\/span><\/a><a href=\"https:\/\/elektroharamia.propagujsa.sk\/en\/trafostanice-atypy-c\/\" rel=\"\"><\/p>\n<p style=\"text-align: center;\">Trafostanice atypy<\/p>\n<p><span><img decoding=\"async\" alt=\"\" data-id=\"643\" width=\"164\" data-init-width=\"1500\" height=\"114\" data-init-height=\"1043\" title=\"EH8D-1-1\" loading=\"lazy\" src=\"https:\/\/elektroharamia.propagujsa.sk\/wp-content\/uploads\/2023\/12\/EH8D-1-1-1.png\" data-width=\"164\" data-height=\"114\" style=\"aspect-ratio: auto 1500 \/ 1043;\"><\/span><\/a><a href=\"https:\/\/elektroharamia.propagujsa.sk\/en\/nn-rozvadzace-c\/\" rel=\"\"><\/p>\n<p style=\"text-align: center;\">NN rozv\u00e1dza\u010de<\/p>\n<p><span><img decoding=\"async\" alt=\"\" data-id=\"607\" width=\"164\" data-init-width=\"1500\" height=\"114\" data-init-height=\"1043\" title=\"EH8D-1-1\" loading=\"lazy\" src=\"https:\/\/elektroharamia.propagujsa.sk\/wp-content\/uploads\/2023\/12\/EH8D-1-1.png\" data-width=\"164\" data-height=\"114\" style=\"aspect-ratio: auto 1500 \/ 1043;\"><\/span><\/a><a href=\"https:\/\/elektroharamia.propagujsa.sk\/en\/kategorie\/trafostanice-s-vnutornym-ovladanim\/\" rel=\"\"><\/p>\n<p style=\"\">Trafostanice s vn\u00fatorn\u00fdm ovl\u00e1dan\u00edm<\/p>\n<p><\/a><a href=\"https:\/\/elektroharamia.propagujsa.sk\/en\/kategorie\/trafostanice-s-vonkajsim-ovladanim\/\" rel=\"\"><\/p>\n<p style=\"\">Trafostanice s vonkaj\u0161\u00edm ovl\u00e1dan\u00edm<\/p>\n<p><\/a><a href=\"https:\/\/elektroharamia.propagujsa.sk\/en\/kategorie\/trafostanice-podzemne\/\" rel=\"\"><\/p>\n<p style=\"\">Trafostanice podzemn\u00e9<\/p>\n<p><\/a><a href=\"https:\/\/elektroharamia.propagujsa.sk\/en\/kategorie\/trafostanice-atypy-c\/\" rel=\"\"><\/p>\n<p style=\"\">Trafostanice atypy<\/p>\n<p><\/a><a href=\"https:\/\/elektroharamia.propagujsa.sk\/en\/kategorie\/nn-rozvadzace-c\/\" rel=\"\"><\/p>\n<p style=\"\">NN rozv\u00e1dza\u010de<\/p>\n<p><\/a><\/p>","protected":false},"excerpt":{"rendered":"<p>Trafostanice s vn\u00fatorn\u00fdm ovl\u00e1dan\u00edm Trafostanice s vonkaj\u0161\u00edmovl\u00e1dan\u00edm Trafostanice podzemn\u00e9 Trafostanice atypy NN rozv\u00e1dza\u010de Trafostanice s vn\u00fatorn\u00fdm ovl\u00e1dan\u00edm Trafostanice s vonkaj\u0161\u00edm ovl\u00e1dan\u00edm Trafostanice podzemn\u00e9 Trafostanice atypy NN rozv\u00e1dza\u010de<\/p>","protected":false},"author":4,"featured_media":0,"parent":0,"menu_order":0,"comment_status":"closed","ping_status":"closed","template":"","meta":{"_acf_changed":false,"footnotes":""},"class_list":["post-441","page","type-page","status-publish","hentry","post-wrapper","thrv_wrapper"],"acf":[],"_links":{"self":[{"href":"https:\/\/elektroharamia.propagujsa.sk\/en\/wp-json\/wp\/v2\/pages\/441","targetHints":{"allow":["GET"]}}],"collection":[{"href":"https:\/\/elektroharamia.propagujsa.sk\/en\/wp-json\/wp\/v2\/pages"}],"about":[{"href":"https:\/\/elektroharamia.propagujsa.sk\/en\/wp-json\/wp\/v2\/types\/page"}],"author":[{"embeddable":true,"href":"https:\/\/elektroharamia.propagujsa.sk\/en\/wp-json\/wp\/v2\/users\/4"}],"replies":[{"embeddable":true,"href":"https:\/\/elektroharamia.propagujsa.sk\/en\/wp-json\/wp\/v2\/comments?post=441"}],"version-history":[{"count":5,"href":"https:\/\/elektroharamia.propagujsa.sk\/en\/wp-json\/wp\/v2\/pages\/441\/revisions"}],"predecessor-version":[{"id":859,"href":"https:\/\/elektroharamia.propagujsa.sk\/en\/wp-json\/wp\/v2\/pages\/441\/revisions\/859"}],"wp:attachment":[{"href":"https:\/\/elektroharamia.propagujsa.sk\/en\/wp-json\/wp\/v2\/media?parent=441"}],"curies":[{"name":"wp","href":"https:\/\/api.w.org\/{rel}","templated":true}]}}