{"id":277,"date":"2023-11-28T14:34:50","date_gmt":"2023-11-28T12:34:50","guid":{"rendered":"https:\/\/elektroharamia.propagujsa.sk\/?page_id=277"},"modified":"2023-12-18T15:15:30","modified_gmt":"2023-12-18T13:15:30","slug":"o-nas","status":"publish","type":"page","link":"https:\/\/elektroharamia.propagujsa.sk\/en\/o-nas\/","title":{"rendered":"O n\u00e1s"},"content":{"rendered":"<h2 style=\"text-align: left;\">&nbsp; &nbsp; O n\u00e1s<\/h2>\n<p><span><img decoding=\"async\" alt=\"\" data-id=\"95\" width=\"533\" data-init-width=\"627\" height=\"321\" data-init-height=\"378\" title=\"onas\" loading=\"lazy\" src=\"https:\/\/elektroharamia.propagujsa.sk\/wp-content\/uploads\/2023\/07\/onas.png\" data-width=\"533\" data-height=\"321\" style=\"aspect-ratio: auto 627 \/ 378;\"><\/span><\/p>\n<p style=\"\">Dr\u017eitel&#8216; prest\u00ed\u017enej ceny Zlat\u00fd Amp\u00e9r<\/p>\n<p style=\"\">Spolo\u010dnos\u0165 \u00faspe\u0161ne p\u00f4sob\u00ed na Slovenskom trhu u\u017e viac ako tridsa\u0165 rokov a jej hlavn\u00fdm v\u00fdrobn\u00fdm programom je v\u00fdroba, mont\u00e1\u017e a predaj kompaktn\u00fdch \u017eelezobet\u00f3nov\u00fdch kioskovych trafostan\u00edc pre potreby Slovensk\u00fdch energetick\u00fdch podnikov, ale aj pre ostatn\u00fdch civiln\u00fdch odberate\u013eov nielen na Slovensku, ale aj v \u010ceskej Republike.<\/p>\n<h2 style=\"text-align: left;\">&nbsp; &nbsp; Certifik\u00e1ty a sk\u00fa\u0161ky<\/h2>\n<p style=\"\">Spolo\u010dnos\u0165 je dlhoro\u010dn\u00fdm dr\u017eite\u013eom certifik\u00e1tu kvality ISO 9001:2015, environmentu ISO 14001:2015, BOZP 45001:2018. Havn\u00fdm cie\u013eom je poskytovanie komplexn\u00fdch dod\u00e1vok a slu\u017eieb v najvy\u0161\u0161ej profesion\u00e1lnej kvalite. Spolu so snahou, aby aj be\u017en\u00fd civiln\u00fd z\u00e1kaznik mohol disponova\u0165 rovnakou kvalitou a technickou \u00farov\u0148ou, ktor\u00e1 je samozrejm\u00e1 pre dod\u00e1vky do investi\u010dn\u00fdch celkov energetick\u00fdch podnikov, je na v\u0161etky vyroben\u00e9 trafostanice poskytovan\u00e1 nad\u0161tandardn\u00e1 z\u00e1ru\u010dn\u00e1 doba 5 rokov a 2 roky na technologick\u00e9 vybavenie.<\/p>\n<p><span><img decoding=\"async\" alt=\"\" data-id=\"401\" title=\"LOGO-DNV-e1683274029370\" loading=\"lazy\" src=\"https:\/\/elektroharamia.propagujsa.sk\/wp-content\/uploads\/2023\/12\/LOGO-DNV-e1683274029370-1.png\" data-width=\"224\" data-height=\"227\" height=\"227\" width=\"224\" style=\"aspect-ratio: auto 590 \/ 597;\" data-init-width=\"590\" data-init-height=\"597\"><\/span><span style=\"\"><img width=\"1448\" height=\"2048\" src=\"https:\/\/elektroharamia.propagujsa.sk\/wp-content\/uploads\/2023\/12\/45001-2022-1448x2048-1.png\" alt=\"\" data-c-f-id=\"acf_cert1\" title=\"45001-2022-1448x2048\" decoding=\"async\" loading=\"lazy\" \/><\/span><span style=\"\"><img width=\"1448\" height=\"2048\" src=\"https:\/\/elektroharamia.propagujsa.sk\/wp-content\/uploads\/2023\/12\/14001-2022-1448x2048-1.png\" alt=\"\" data-c-f-id=\"acf_cert2\" title=\"14001-2022-1448x2048\" decoding=\"async\" loading=\"lazy\" \/><\/span><span style=\"\"><img width=\"1448\" height=\"2048\" src=\"https:\/\/elektroharamia.propagujsa.sk\/wp-content\/uploads\/2023\/12\/9001-2022-1448x2048-1.png\" alt=\"\" data-c-f-id=\"acf_cert3\" title=\"9001-2022-1448x2048\" decoding=\"async\" loading=\"lazy\" \/><\/span><\/p>\n<p style=\"\">Certifik\u00e1t je vydan\u00fd pre v\u00fdrobu kompaktn\u00fdch kioskov\u00fdch trafostan\u00edc. \u010ealej pre projektovanie, v\u00fdrobu, mont\u00e1\u017e, \u00fadr\u017ebu, odborn\u00e9 prehliadky a sk\u00fa\u0161ky elektrick\u00fdch zariaden\u00ed bez obmedzenia nap\u00e4tia.<\/p>\n<p><span><img decoding=\"async\" alt=\"\" data-id=\"1028\" width=\"260\" data-init-width=\"281\" height=\"194\" data-init-height=\"210\" title=\"Selection_212\" loading=\"lazy\" src=\"https:\/\/elektroharamia.propagujsa.sk\/wp-content\/uploads\/2023\/12\/Selection_212.png\" data-width=\"260\" data-height=\"194\" style=\"aspect-ratio: auto 281 \/ 210;\"><\/span><span><img decoding=\"async\" alt=\"\" data-id=\"1027\" width=\"260\" data-init-width=\"281\" height=\"195\" data-init-height=\"211\" title=\"Selection_213\" loading=\"lazy\" src=\"https:\/\/elektroharamia.propagujsa.sk\/wp-content\/uploads\/2023\/12\/Selection_213.png\" data-width=\"260\" data-height=\"195\" style=\"aspect-ratio: auto 281 \/ 211;\"><\/span><\/p>\n<p style=\"\">Trafostanice s\u00fa odsk\u00fa\u0161an\u00e9 na vyhodnotenie \u00fa\u010dinkov obl\u00faka sp\u00f4soben\u00e9ho vn\u00fatornou poruchou triedy IAC &#8211; A B.<\/p>\n<h2 style=\"text-align: left;\">&nbsp; &nbsp; Projek\u010dn\u00e1 \u010dinnos\u0165<\/h2>\n<p><span><img decoding=\"async\" alt=\"\" data-id=\"978\" width=\"533\" data-init-width=\"1222\" height=\"263\" data-init-height=\"603\" title=\"image-trafo\" loading=\"lazy\" src=\"https:\/\/elektroharamia.propagujsa.sk\/wp-content\/uploads\/2023\/12\/image-trafo.webp\" data-width=\"533\" data-height=\"263\" style=\"aspect-ratio: auto 1222 \/ 603;\"><\/span><\/p>\n<p style=\"\">Vlastn\u00e1 projek\u010dn\u00e1 zlo\u017eka vhodne dop\u013a\u0148a komplexn\u00fa paletu slu\u017eieb, ktor\u00fa je spolo\u010dnos\u0165 Elektro-Haramia schopn\u00e1 z\u00e1kazn\u00edkovi pon\u00faknu\u0165.<\/p>\n<p style=\"\">Projek\u010dn\u00e9 slu\u017eby sme schopn\u00ed doplni\u0165 technick\u00fdm poradenstvom a s\u00favisiacimi \u010dinnos\u0165ami.<\/p>\n<h2 style=\"text-align: left;\">&nbsp; &nbsp; V\u00fdroba<\/h2>\n<h3 style=\"\">CNC v\u00fdroba<\/h3>\n<p style=\"\">Pon\u00fakame voln\u00e9 kapacity na spracovanie plechov, na vy- sek\u00e1vacich a ohranovacich lisoch zn. TRUMPF. Na z\u00e1klade V\u00e1sho dopytu V\u00e1m spracujeme ponuku v zauj\u00edmav\u00fdch cenov\u00fdch rel\u00e1ci\u00e1ch a kr\u00e1tkych dodacich term\u00ednoch.<\/p>\n<p><span><img decoding=\"async\" alt=\"\" data-id=\"981\" width=\"533\" data-init-width=\"1222\" height=\"293\" data-init-height=\"672\" title=\"image-projekcna\" loading=\"lazy\" src=\"https:\/\/elektroharamia.propagujsa.sk\/wp-content\/uploads\/2023\/12\/image-projekcna.webp\" data-width=\"533\" data-height=\"293\" style=\"aspect-ratio: auto 1222 \/ 672;\"><\/span><\/p>\n<p style=\"\">Z\u00e1mo\u010dn\u00edcka v\u00fdroba a v\u00fdroba hlin\u00edkov\u00fdch v\u00fdpl\u0148ov\u00fdchkon\u0161trukci\u00ed<\/p>\n<p style=\"\">Je pridru\u017eenou v\u00fdrobou sl\u00fa\u017eiacou hlavne pre na\u0161e vlastn\u00e9 potreby a dop\u013a\u0148a tak \u0161irok\u00fa komplexnos\u0165 na\u0161ej v\u00fdroby. Cie\u013eom je minimalizova\u0165 potreby subdod\u00e1vok in\u00fdch spolo\u010dnost\u00ed a pokry\u0165 v\u00fdrobu kompletn\u00e9ho produktu vlastn\u00fdmi kapacitami.<\/p>\n<p><span><img decoding=\"async\" alt=\"\" data-id=\"980\" width=\"533\" data-init-width=\"1222\" height=\"355\" data-init-height=\"815\" title=\"image-zamocnicka\" loading=\"lazy\" src=\"https:\/\/elektroharamia.propagujsa.sk\/wp-content\/uploads\/2023\/12\/image-zamocnicka.webp\" data-width=\"533\" data-height=\"355\" style=\"aspect-ratio: auto 1222 \/ 815;\"><\/span><\/p>\n<h2 style=\"text-align: left;\">&nbsp; &nbsp; Servis<\/h2>\n<p><span><img decoding=\"async\" alt=\"\" data-id=\"982\" width=\"533\" data-init-width=\"1222\" height=\"298\" data-init-height=\"683\" title=\"image-servis\" loading=\"lazy\" src=\"https:\/\/elektroharamia.propagujsa.sk\/wp-content\/uploads\/2023\/12\/image-servis.webp\" data-width=\"533\" data-height=\"298\" style=\"aspect-ratio: auto 1222 \/ 683;\"><\/span><\/p>\n<p style=\"\">Spolo\u010dnos\u0165 v r\u00e1mci SR a \u010cR poskytuje nepretr\u017eit\u00fd z\u00e1ru\u010dn\u00fd a poz\u00e1ru\u010dn\u00fd servis. Jej vedenie sa sna\u017e\u00ed o trval\u00e9 zlep\u0161ovanie produkovan\u00fdch trafostan\u00edc a o dop\u013a\u0148anie v\u00fdrobn\u00e9ho programu na z\u00e1klade po\u017eiadaviek odberate\u013eov. Uplat\u0148uje sa z\u00e1sada, \u017ee technick\u00e9 rie\u0161enia a realiz\u00e1cia sa prisp\u00f4sobuj\u00fa projektantom a odberate\u013eom v snahe dosiahnu\u0165 \u010do najvy\u0161\u0161iu technicko-ekonomick\u00fa v\u00fdhodnos\u0165 ka\u017edej vyprodukovanej trafostanice.<\/p>\n<h2 style=\"text-align: left;\">&nbsp; &nbsp; Patenty<\/h2>\n<p style=\"\">Firma Elektro-Haramia pou\u017e\u00edva vlastn\u00fd syst\u00e9mk\u00e1blov\u00fdch priechodiek, ktor\u00fd spo\u013eahlivo utesn\u00ed k\u00e1ble prech\u00e1dzaj\u00face cez stenu stavebn\u00e9ho telesa.<\/p>\n<p style=\"\">Prechodky Elektro Haramia s\u00fa vyroben\u00e9 z tvrden\u00e9ho plastu. Ich vyu\u017eitie je pre VN aj NN k\u00e1ble do priemeru 80mm. Prechodky je mo\u017en\u00e9 sp\u00e1ja\u0165 do blokov v horizont\u00e1lnom aj vertik\u00e1lnom smere. Medzi ich \u010fal\u0161ie prednosti patr\u00ed vysok\u00e1 tuhos\u0165, vysok\u00e1 odolnos\u0165 proti n\u00e1razu (aj pri n\u00edzkych teplot\u00e1ch), vysok\u00e1 tepeln\u00e1 odolnos\u0165. Predpokladom d\u00f4kladn\u00e9ho utesnenia priechodky je pou\u017eitie hrubostennej zmrstovacej polyolefinovej hadice (man\u017eety) s vn\u00fatornou lepiacou vrstvou, ktor\u00e1 sa tepeln\u00fdm p\u00f4soben\u00edm natav\u00ed na teleso hrdla priechodky po celom jeho obvode (man\u017eeta je s\u00fa\u010das\u0165ou dod\u00e1vky Elektro-Haramia)<\/p>\n<p style=\"\">Umiestnenie a po\u010det priechodiek ur\u010duje z\u00e1kazn\u00edk (resp. autor projektu), a je mo\u017en\u00e9 ich zabudova\u0165 na ktoromko\u013evek mieste po obvode stavebn\u00e9ho telesa. Stret\u00e1vame sa aj s po\u017eiadavkou zabudova\u0165 do steny k\u00e1blov\u00fd prechod od in\u00fdch v\u00fdrobcov, &#8211; aj tak\u00e9to \u017eelanie z\u00e1kazn\u00edka dok\u00e1\u017eeme bez probl\u00e9mov splni\u0165.<\/p>\n<p><span style=\"\"><img decoding=\"async\" alt=\"\" data-id=\"983\" width=\"339\" data-init-width=\"1723\" height=\"403\" data-init-height=\"2048\" title=\"PRECHODKA-img-1723x2048\" loading=\"lazy\" src=\"https:\/\/elektroharamia.propagujsa.sk\/wp-content\/uploads\/2023\/12\/PRECHODKA-img-1723x2048-1.webp\" data-width=\"339\" data-height=\"403\" style=\"aspect-ratio: auto 1723 \/ 2048;\" mt-d=\"-11.015999999999963\" ml-d=\"0\"><\/span><\/p>\n<h2 style=\"text-align: left;\">&nbsp; &nbsp; Osadenie typov\u00fdch stan\u00edc<\/h2>\n<p><span><img decoding=\"async\" alt=\"\" data-id=\"984\" width=\"259\" data-init-width=\"1000\" height=\"259\" data-init-height=\"1000\" title=\"Osadenie-1\" loading=\"lazy\" src=\"https:\/\/elektroharamia.propagujsa.sk\/wp-content\/uploads\/2023\/12\/Osadenie-1.webp\" data-width=\"259\" data-height=\"259\" style=\"aspect-ratio: auto 1000 \/ 1000;\"><\/span><span><img decoding=\"async\" alt=\"\" data-id=\"986\" width=\"300\" data-init-width=\"1000\" height=\"300\" data-init-height=\"1000\" title=\"Osadenie-2\" loading=\"lazy\" src=\"https:\/\/elektroharamia.propagujsa.sk\/wp-content\/uploads\/2023\/12\/Osadenie-2.webp\" data-width=\"300\" data-height=\"300\" style=\"aspect-ratio: auto 1000 \/ 1000;\"><\/span><span><img decoding=\"async\" alt=\"\" data-id=\"985\" width=\"300\" data-init-width=\"1000\" height=\"300\" data-init-height=\"1000\" title=\"Osadenie-3\" loading=\"lazy\" src=\"https:\/\/elektroharamia.propagujsa.sk\/wp-content\/uploads\/2023\/12\/Osadenie-3.webp\" data-width=\"300\" data-height=\"300\" style=\"aspect-ratio: auto 1000 \/ 1000;\"><\/span><\/p>\n<p style=\"text-align: left;\">Pre osadenieatypick\u00fdch stan\u00edckontaktujte na\u0161uspolo\u010dnos\u0165.<\/p>","protected":false},"excerpt":{"rendered":"<p>&nbsp; &nbsp; O n\u00e1s Dr\u017eitel&#8216; prest\u00ed\u017enej ceny Zlat\u00fd Amp\u00e9r Spolo\u010dnos\u0165 \u00faspe\u0161ne p\u00f4sob\u00ed na Slovenskom trhu u\u017e viac ako tridsa\u0165 rokov a jej hlavn\u00fdm v\u00fdrobn\u00fdm programom je v\u00fdroba, mont\u00e1\u017e a predaj kompaktn\u00fdch \u017eelezobet\u00f3nov\u00fdch kioskovych trafostan\u00edc pre potreby Slovensk\u00fdch energetick\u00fdch podnikov, ale aj pre ostatn\u00fdch civiln\u00fdch odberate\u013eov nielen na Slovensku, ale aj v \u010ceskej Republike. &nbsp; &nbsp; [&hellip;]<\/p>","protected":false},"author":4,"featured_media":0,"parent":0,"menu_order":0,"comment_status":"closed","ping_status":"closed","template":"","meta":{"_acf_changed":false,"footnotes":""},"class_list":["post-277","page","type-page","status-publish","hentry","post-wrapper","thrv_wrapper"],"acf":[],"_links":{"self":[{"href":"https:\/\/elektroharamia.propagujsa.sk\/en\/wp-json\/wp\/v2\/pages\/277","targetHints":{"allow":["GET"]}}],"collection":[{"href":"https:\/\/elektroharamia.propagujsa.sk\/en\/wp-json\/wp\/v2\/pages"}],"about":[{"href":"https:\/\/elektroharamia.propagujsa.sk\/en\/wp-json\/wp\/v2\/types\/page"}],"author":[{"embeddable":true,"href":"https:\/\/elektroharamia.propagujsa.sk\/en\/wp-json\/wp\/v2\/users\/4"}],"replies":[{"embeddable":true,"href":"https:\/\/elektroharamia.propagujsa.sk\/en\/wp-json\/wp\/v2\/comments?post=277"}],"version-history":[{"count":5,"href":"https:\/\/elektroharamia.propagujsa.sk\/en\/wp-json\/wp\/v2\/pages\/277\/revisions"}],"predecessor-version":[{"id":1061,"href":"https:\/\/elektroharamia.propagujsa.sk\/en\/wp-json\/wp\/v2\/pages\/277\/revisions\/1061"}],"wp:attachment":[{"href":"https:\/\/elektroharamia.propagujsa.sk\/en\/wp-json\/wp\/v2\/media?parent=277"}],"curies":[{"name":"wp","href":"https:\/\/api.w.org\/{rel}","templated":true}]}}