{"id":222,"date":"2023-11-27T17:47:28","date_gmt":"2023-11-27T15:47:28","guid":{"rendered":"https:\/\/elektroharamia.propagujsa.sk\/?page_id=222"},"modified":"2026-02-05T15:32:13","modified_gmt":"2026-02-05T13:32:13","slug":"kontakt","status":"publish","type":"page","link":"https:\/\/elektroharamia.propagujsa.sk\/en\/kontakt\/","title":{"rendered":"Kontakt"},"content":{"rendered":"<h1>\u00a0 \u00a0Kontakt<\/h1>\n<h2>LOZORNO<\/h2>\n<p>Prev\u00e1dzka<\/p>\n<p>\u017delezni\u010dn\u00e1 927900 55 LozornoSlovensko<\/p>\n<p>tel:\u00a0 +421 2 65 96 82 67<\/p>\n<p>haramia@elektroharamia.sk<\/p>\n<h2>KO\u0160ICE<\/h2>\n<p>Obchodn\u00e9 zast\u00fapeniepre v\u00fdchodn\u00e9 Slovensko<\/p>\n<p>SPIE Slovakia o.z.Rastislavova 93040 01 Ko\u0161iceSlovensko<\/p>\n<p>tel: +421 55 677 03 65<\/p>\n<p>mob: +421 918 368 089<\/p>\n<p>szalai.ladislav.sag@gmail.com<\/p>","protected":false},"excerpt":{"rendered":"<p>\u00a0 \u00a0Kontakt LOZORNO Prev\u00e1dzka \u017delezni\u010dn\u00e1 927900 55 LozornoSlovensko tel:\u00a0 +421 2 65 96 82 67 haramia@elektroharamia.sk KO\u0160ICE Obchodn\u00e9 zast\u00fapeniepre v\u00fdchodn\u00e9 Slovensko SPIE Slovakia o.z.Rastislavova 93040 01 Ko\u0161iceSlovensko tel: +421 55 677 03 65 mob: +421 918 368 089 szalai.ladislav.sag@gmail.com<\/p>","protected":false},"author":4,"featured_media":0,"parent":0,"menu_order":0,"comment_status":"closed","ping_status":"closed","template":"","meta":{"_acf_changed":false,"footnotes":""},"class_list":["post-222","page","type-page","status-publish","hentry","post-wrapper","thrv_wrapper"],"acf":[],"_links":{"self":[{"href":"https:\/\/elektroharamia.propagujsa.sk\/en\/wp-json\/wp\/v2\/pages\/222","targetHints":{"allow":["GET"]}}],"collection":[{"href":"https:\/\/elektroharamia.propagujsa.sk\/en\/wp-json\/wp\/v2\/pages"}],"about":[{"href":"https:\/\/elektroharamia.propagujsa.sk\/en\/wp-json\/wp\/v2\/types\/page"}],"author":[{"embeddable":true,"href":"https:\/\/elektroharamia.propagujsa.sk\/en\/wp-json\/wp\/v2\/users\/4"}],"replies":[{"embeddable":true,"href":"https:\/\/elektroharamia.propagujsa.sk\/en\/wp-json\/wp\/v2\/comments?post=222"}],"version-history":[{"count":7,"href":"https:\/\/elektroharamia.propagujsa.sk\/en\/wp-json\/wp\/v2\/pages\/222\/revisions"}],"predecessor-version":[{"id":1096,"href":"https:\/\/elektroharamia.propagujsa.sk\/en\/wp-json\/wp\/v2\/pages\/222\/revisions\/1096"}],"wp:attachment":[{"href":"https:\/\/elektroharamia.propagujsa.sk\/en\/wp-json\/wp\/v2\/media?parent=222"}],"curies":[{"name":"wp","href":"https:\/\/api.w.org\/{rel}","templated":true}]}}